{"id":128,"date":"2023-03-17T00:04:39","date_gmt":"2023-03-16T23:04:39","guid":{"rendered":"https:\/\/ikon-services.fr\/?page_id=128"},"modified":"2024-03-14T17:08:26","modified_gmt":"2024-03-14T16:08:26","slug":"excursions","status":"publish","type":"page","link":"https:\/\/ikon-services.fr\/en\/excursions\/","title":{"rendered":"Excursions"},"content":{"rendered":"\n[et_pb_section fb_built=\u00a0\u00bb1&Prime; _builder_version=\u00a0\u00bb4.20.0&Prime; _module_preset=\u00a0\u00bbdefault\u00a0\u00bb custom_padding=\u00a0\u00bb14px||14px|||\u00a0\u00bb global_colors_info=\u00a0\u00bb{}\u00a0\u00bb][et_pb_row _builder_version=\u00a0\u00bb4.16&Prime; locked=\u00a0\u00bboff\u00a0\u00bb global_colors_info=\u00a0\u00bb{}\u00a0\u00bb][et_pb_column type=\u00a0\u00bb4_4&Prime; _builder_version=\u00a0\u00bb4.16&Prime; custom_padding=\u00a0\u00bb|||\u00a0\u00bb global_colors_info=\u00a0\u00bb{}\u00a0\u00bb custom_padding__hover=\u00a0\u00bb|||\u00a0\u00bb][et_pb_text admin_label=\u00a0\u00bbVideo Title\u00a0\u00bb _builder_version=\u00a0\u00bb4.20.0&Prime; text_font=\u00a0\u00bb||||\u00a0\u00bb text_text_color=\u00a0\u00bb#1a1a1a\u00a0\u00bb header_font=\u00a0\u00bbMontserrat|700||on|||||\u00a0\u00bb header_text_align=\u00a0\u00bbcenter\u00a0\u00bb header_font_size=\u00a0\u00bb45px\u00a0\u00bb header_line_height=\u00a0\u00bb1.3em\u00a0\u00bb module_alignment=\u00a0\u00bbcenter\u00a0\u00bb custom_margin=\u00a0\u00bb|||\u00a0\u00bb custom_padding=\u00a0\u00bb|||\u00a0\u00bb animation_style=\u00a0\u00bbslide\u00a0\u00bb animation_direction=\u00a0\u00bbtop\u00a0\u00bb animation_intensity_slide=\u00a0\u00bb10%\u00a0\u00bb header_font_size_tablet=\u00a0\u00bb45px\u00a0\u00bb header_font_size_phone=\u00a0\u00bb35px\u00a0\u00bb header_font_size_last_edited=\u00a0\u00bbon|phone\u00a0\u00bb locked=\u00a0\u00bboff\u00a0\u00bb global_colors_info=\u00a0\u00bb{}\u00a0\u00bb]<h1>Excursions<\/h1>[\/et_pb_text][et_pb_text admin_label=\u00a0\u00bbVideo Title\u00a0\u00bb _builder_version=\u00a0\u00bb4.24.0&Prime; text_font=\u00a0\u00bb||||\u00a0\u00bb text_text_color=\u00a0\u00bb#1a1a1a\u00a0\u00bb header_font=\u00a0\u00bbMontserrat|700||on|||||\u00a0\u00bb header_text_align=\u00a0\u00bbcenter\u00a0\u00bb header_font_size=\u00a0\u00bb45px\u00a0\u00bb header_line_height=\u00a0\u00bb1.3em\u00a0\u00bb module_alignment=\u00a0\u00bbcenter\u00a0\u00bb custom_margin=\u00a0\u00bb|||\u00a0\u00bb custom_padding=\u00a0\u00bb|||\u00a0\u00bb animation_style=\u00a0\u00bbslide\u00a0\u00bb animation_direction=\u00a0\u00bbtop\u00a0\u00bb animation_intensity_slide=\u00a0\u00bb10%\u00a0\u00bb header_font_size_tablet=\u00a0\u00bb45px\u00a0\u00bb header_font_size_phone=\u00a0\u00bb35px\u00a0\u00bb header_font_size_last_edited=\u00a0\u00bbon|phone\u00a0\u00bb locked=\u00a0\u00bboff\u00a0\u00bb global_colors_info=\u00a0\u00bb{}\u00a0\u00bb]<h2 style=\"text-align: center;\">Faites de vos excursions une exp\u00e9rience inoubliable.<\/h2>[\/et_pb_text][et_pb_divider divider_position=\u00a0\u00bbcenter\u00a0\u00bb divider_weight=\u00a0\u00bb3px\u00a0\u00bb disabled_on=\u00a0\u00bboff|off|off\u00a0\u00bb _builder_version=\u00a0\u00bb4.20.0&Prime; max_width=\u00a0\u00bb150px\u00a0\u00bb module_alignment=\u00a0\u00bbcenter\u00a0\u00bb height=\u00a0\u00bbfalse\u00a0\u00bb custom_margin=\u00a0\u00bb30px|||\u00a0\u00bb animation_style=\u00a0\u00bbslide\u00a0\u00bb animation_direction=\u00a0\u00bbtop\u00a0\u00bb animation_delay=\u00a0\u00bb100ms\u00a0\u00bb animation_intensity_slide=\u00a0\u00bb10%\u00a0\u00bb locked=\u00a0\u00bboff\u00a0\u00bb global_colors_info=\u00a0\u00bb{}\u00a0\u00bb][\/et_pb_divider][\/et_pb_column][\/et_pb_row][\/et_pb_section][et_pb_section fb_built=\u00a0\u00bb1&Prime; admin_label=\u00a0\u00bbLook Inside Section\u00a0\u00bb _builder_version=\u00a0\u00bb4.20.0&Prime; background_image=\u00a0\u00bbhttps:\/\/ikon-services.fr\/wp-content\/uploads\/2023\/03\/\u00a9m.chatonnier-ikon-valensole-V1-94.png\u00a0\u00bb parallax=\u00a0\u00bbon\u00a0\u00bb custom_margin=\u00a0\u00bb||||false|false\u00a0\u00bb custom_padding=\u00a0\u00bb59px||59px||false|false\u00a0\u00bb locked=\u00a0\u00bboff\u00a0\u00bb global_colors_info=\u00a0\u00bb{}\u00a0\u00bb][et_pb_row column_structure=\u00a0\u00bb3_5,2_5&Prime; use_custom_gutter=\u00a0\u00bbon\u00a0\u00bb gutter_width=\u00a0\u00bb1&Prime; make_equal=\u00a0\u00bbon\u00a0\u00bb module_class=\u00a0\u00bb et_pb_row_fullwidth\u00a0\u00bb _builder_version=\u00a0\u00bb4.20.0&Prime; width=\u00a0\u00bb100%\u00a0\u00bb width_tablet=\u00a0\u00bb100%\u00a0\u00bb width_phone=\u00a0\u00bb90%\u00a0\u00bb width_last_edited=\u00a0\u00bbon|phone\u00a0\u00bb max_width=\u00a0\u00bb100%\u00a0\u00bb max_width_tablet=\u00a0\u00bb100%\u00a0\u00bb max_width_phone=\u00a0\u00bb100%\u00a0\u00bb max_width_last_edited=\u00a0\u00bbon|desktop\u00a0\u00bb custom_padding=\u00a0\u00bb0px|2px|0px|||\u00a0\u00bb make_fullwidth=\u00a0\u00bbon\u00a0\u00bb global_colors_info=\u00a0\u00bb{}\u00a0\u00bb][et_pb_column type=\u00a0\u00bb3_5&Prime; _builder_version=\u00a0\u00bb4.16&Prime; parallax=\u00a0\u00bbon\u00a0\u00bb custom_padding=\u00a0\u00bb|||\u00a0\u00bb global_colors_info=\u00a0\u00bb{}\u00a0\u00bb custom_padding__hover=\u00a0\u00bb|||\u00a0\u00bb][et_pb_image align_tablet=\u00a0\u00bbcenter\u00a0\u00bb align_phone=\u00a0\u00bbcenter\u00a0\u00bb align_last_edited=\u00a0\u00bbon|desktop\u00a0\u00bb _builder_version=\u00a0\u00bb4.16&Prime; animation_style=\u00a0\u00bbslide\u00a0\u00bb animation_direction=\u00a0\u00bbleft\u00a0\u00bb animation_duration=\u00a0\u00bb500ms\u00a0\u00bb animation_intensity_slide=\u00a0\u00bb10%\u00a0\u00bb global_colors_info=\u00a0\u00bb{}\u00a0\u00bb][\/et_pb_image][\/et_pb_column][et_pb_column type=\u00a0\u00bb2_5&Prime; _builder_version=\u00a0\u00bb4.16&Prime; use_background_color_gradient=\u00a0\u00bbon\u00a0\u00bb background_color_gradient_stops=\u00a0\u00bb#ffffff 0%|rgba(255,255,255,0.85) 50%\u00a0\u00bb background_color_gradient_start=\u00a0\u00bb#ffffff\u00a0\u00bb background_color_gradient_end=\u00a0\u00bbrgba(255,255,255,0.85)\u00a0\u00bb background_color_gradient_end_position=\u00a0\u00bb50%\u00a0\u00bb custom_padding=\u00a0\u00bb8%|6%|6%|6%\u00a0\u00bb global_colors_info=\u00a0\u00bb{}\u00a0\u00bb custom_padding__hover=\u00a0\u00bb|||\u00a0\u00bb][et_pb_text admin_label=\u00a0\u00bbLook Inside Sub Title\u00a0\u00bb _builder_version=\u00a0\u00bb4.20.0&Prime; text_font=\u00a0\u00bbMontserrat||||||||\u00a0\u00bb text_text_color=\u00a0\u00bb#5e5e5e\u00a0\u00bb text_font_size=\u00a0\u00bb16px\u00a0\u00bb text_line_height=\u00a0\u00bb1.4em\u00a0\u00bb header_font=\u00a0\u00bbMontserrat|700|||||||\u00a0\u00bb header_3_font=\u00a0\u00bbMontserrat|700|||||||\u00a0\u00bb header_3_font_size=\u00a0\u00bb30px\u00a0\u00bb max_width=\u00a0\u00bb450px\u00a0\u00bb custom_margin=\u00a0\u00bb-19px|||||\u00a0\u00bb custom_padding=\u00a0\u00bb8px|||||\u00a0\u00bb animation_style=\u00a0\u00bbslide\u00a0\u00bb animation_direction=\u00a0\u00bbtop\u00a0\u00bb animation_delay=\u00a0\u00bb200ms\u00a0\u00bb animation_intensity_slide=\u00a0\u00bb10%\u00a0\u00bb header_3_font_size_tablet=\u00a0\u00bb30px\u00a0\u00bb header_3_font_size_phone=\u00a0\u00bb30px\u00a0\u00bb header_3_font_size_last_edited=\u00a0\u00bbon|phone\u00a0\u00bb locked=\u00a0\u00bboff\u00a0\u00bb global_colors_info=\u00a0\u00bb{}\u00a0\u00bb]<h3>Partez en toute tranquillit\u00e9.<\/h3>\n<p>&nbsp;<\/p>\n<p>L\u2019efficacit\u00e9 in\u00e9gal\u00e9e d\u2019un transport de luxe au service de vos excursions.<\/p>\n<p>Nous coordonnons, organisons, et g\u00e9rons tous les aspects li\u00e9s aux transports afin que votre exp\u00e9rience soit une parfaite r\u00e9ussite.<\/p>[\/et_pb_text][et_pb_button button_url=\u00a0\u00bbmailto:reservation@ikon-services.fr\u00a0\u00bb button_text=\u00a0\u00bbNOUS CONTACTER\u00a0\u00bb button_alignment=\u00a0\u00bbleft\u00a0\u00bb _builder_version=\u00a0\u00bb4.20.0&Prime; _module_preset=\u00a0\u00bbdefault\u00a0\u00bb custom_button=\u00a0\u00bbon\u00a0\u00bb button_text_color=\u00a0\u00bb#FFFFFF\u00a0\u00bb button_bg_color=\u00a0\u00bb#000000&Prime; button_border_color=\u00a0\u00bb#000000&Prime; custom_margin=\u00a0\u00bb30px|||||\u00a0\u00bb custom_padding=\u00a0\u00bb4px|||||\u00a0\u00bb global_colors_info=\u00a0\u00bb{}\u00a0\u00bb][\/et_pb_button][\/et_pb_column][\/et_pb_row][\/et_pb_section][et_pb_section fb_built=\u00a0\u00bb1&Prime; _builder_version=\u00a0\u00bb4.20.0&Prime; _module_preset=\u00a0\u00bbdefault\u00a0\u00bb global_colors_info=\u00a0\u00bb{}\u00a0\u00bb][et_pb_row _builder_version=\u00a0\u00bb4.24.0&Prime; _module_preset=\u00a0\u00bbdefault\u00a0\u00bb global_colors_info=\u00a0\u00bb{}\u00a0\u00bb][et_pb_column type=\u00a0\u00bb4_4&Prime; _builder_version=\u00a0\u00bb4.24.0&Prime; _module_preset=\u00a0\u00bbdefault\u00a0\u00bb global_colors_info=\u00a0\u00bb{}\u00a0\u00bb][et_pb_text _builder_version=\u00a0\u00bb4.24.0&Prime; _module_preset=\u00a0\u00bbdefault\u00a0\u00bb global_colors_info=\u00a0\u00bb{}\u00a0\u00bb]<h3>Profitez de notre exp\u00e9rience pour vos excursions<\/h3>[\/et_pb_text][\/et_pb_column][\/et_pb_row][et_pb_row _builder_version=\u00a0\u00bb4.24.0&Prime; _module_preset=\u00a0\u00bbdefault\u00a0\u00bb global_colors_info=\u00a0\u00bb{}\u00a0\u00bb][et_pb_column type=\u00a0\u00bb4_4&Prime; _builder_version=\u00a0\u00bb4.24.0&Prime; _module_preset=\u00a0\u00bbdefault\u00a0\u00bb global_colors_info=\u00a0\u00bb{}\u00a0\u00bb][et_pb_text _builder_version=\u00a0\u00bb4.24.0&Prime; _module_preset=\u00a0\u00bbdefault\u00a0\u00bb global_colors_info=\u00a0\u00bb{}\u00a0\u00bb]<p>Entamez votre voyage avec une tranquillit\u00e9 d&rsquo;esprit absolue en optant pour notre service de transport de luxe exclusif. Sp\u00e9cialement con\u00e7u pour des excursions d&rsquo;exception, visitez sereinement des sites embl\u00e9matiques tels que la C\u00f4te d&rsquo;Azur et la Provence.<\/p>\n<p>Notre engagement envers une efficacit\u00e9 in\u00e9gal\u00e9e se traduit par une coordination minutieuse, une organisation sans faille, et une gestion compl\u00e8te de tous les aspects li\u00e9s aux transports, si bien que chaque moment de votre excursion devient une parfaite r\u00e9ussite.<\/p>\n<p>La C\u00f4te d&rsquo;Azur, r\u00e9put\u00e9e pour son \u00e9l\u00e9gance intemporelle et ses paysages c\u00f4tiers pittoresques, devient le th\u00e9\u00e2tre id\u00e9al de votre exp\u00e9rience de voyage. La Provence, riche en histoire et en charme provincial offre une escapade pleine de d\u00e9couvertes.<\/p>\n<p>Nous nous engageons \u00e0 transformer votre excursion en une aventure m\u00e9morable, si bien que chaque moment soit impr\u00e9gn\u00e9 de sophistication et de confort.<\/p>\n<p>Notre flotte de v\u00e9hicules haut de gamme, soigneusement s\u00e9lectionn\u00e9s, offre non seulement le luxe, mais \u00e9galement la garantie de voyager en toute s\u00e9curit\u00e9. Nos chauffeurs exp\u00e9riment\u00e9s sont form\u00e9s pour fournir un service discret et attentionn\u00e9, assurant ainsi que vos excursions soient non seulement une exp\u00e9rience de voyage, mais aussi un moment de d\u00e9tente et de plaisir.<\/p>\n<p>En choisissant notre service de transport de luxe pour vos excursions, vous choisissez une approche compl\u00e8te au-del\u00e0 de la simple conduite. Nous anticipons vos besoins sp\u00e9cifiques li\u00e9s \u00e0 l&rsquo;exploration de ces destinations prestigieuses. Nous nous effor\u00e7ons de surpasser vos attentes \u00e0 chaque \u00e9tape de votre voyage.<\/p>\n<p>Laissez-vous guider, faites nous confiance et partez en toute tranquillit\u00e9 d\u00e9couvrir le sud de la France. \u00a0<\/p>\n<p>&nbsp;<\/p>[\/et_pb_text][\/et_pb_column][\/et_pb_row][et_pb_row _builder_version=\u00a0\u00bb4.24.0&Prime; _module_preset=\u00a0\u00bbdefault\u00a0\u00bb global_colors_info=\u00a0\u00bb{}\u00a0\u00bb][et_pb_column type=\u00a0\u00bb4_4&Prime; _builder_version=\u00a0\u00bb4.24.0&Prime; _module_preset=\u00a0\u00bbdefault\u00a0\u00bb global_colors_info=\u00a0\u00bb{}\u00a0\u00bb][et_pb_button button_url=\u00a0\u00bb@ET-DC@eyJkeW5hbWljIjp0cnVlLCJjb250ZW50IjoicG9zdF9saW5rX3VybF9wYWdlIiwic2V0dGluZ3MiOnsicG9zdF9pZCI6IjE1NCJ9fQ==@\u00a0\u00bb button_text=\u00a0\u00bbR\u00e9servez vos excursions\u00a0\u00bb button_alignment=\u00a0\u00bbcenter\u00a0\u00bb _builder_version=\u00a0\u00bb4.24.0&Prime; _dynamic_attributes=\u00a0\u00bbbutton_url\u00a0\u00bb _module_preset=\u00a0\u00bbdefault\u00a0\u00bb global_colors_info=\u00a0\u00bb{}\u00a0\u00bb][\/et_pb_button][\/et_pb_column][\/et_pb_row][\/et_pb_section][et_pb_section fb_built=\u00a0\u00bb1&Prime; _builder_version=\u00a0\u00bb4.20.0&Prime; _module_preset=\u00a0\u00bbdefault\u00a0\u00bb global_colors_info=\u00a0\u00bb{}\u00a0\u00bb][et_pb_row _builder_version=\u00a0\u00bb4.20.0&Prime; _module_preset=\u00a0\u00bbdefault\u00a0\u00bb global_colors_info=\u00a0\u00bb{}\u00a0\u00bb][et_pb_column type=\u00a0\u00bb4_4&Prime; _builder_version=\u00a0\u00bb4.20.0&Prime; _module_preset=\u00a0\u00bbdefault\u00a0\u00bb global_colors_info=\u00a0\u00bb{}\u00a0\u00bb][et_pb_video src=\u00a0\u00bbhttps:\/\/ikon-services.fr\/wp-content\/uploads\/2024\/01\/excursion-valensole.mp4&Prime; image_src=\u00a0\u00bbhttps:\/\/ikon-services.fr\/wp-content\/uploads\/2023\/04\/Capture-decran-2023-04-13-a-00.48.39.png\u00a0\u00bb _builder_version=\u00a0\u00bb4.20.4&Prime; _module_preset=\u00a0\u00bbdefault\u00a0\u00bb global_colors_info=\u00a0\u00bb{}\u00a0\u00bb][\/et_pb_video][\/et_pb_column][\/et_pb_row][\/et_pb_section]\n","protected":false},"excerpt":{"rendered":"<p>ExcursionsFaites de vos excursions une exp\u00e9rience inoubliable.Partez en toute tranquillit\u00e9. &nbsp; L\u2019efficacit\u00e9 in\u00e9gal\u00e9e d\u2019un transport de luxe au service de vos excursions. Nous coordonnons, organisons, et g\u00e9rons tous les aspects li\u00e9s aux transports afin que votre exp\u00e9rience soit une parfaite r\u00e9ussite.Profitez de notre exp\u00e9rience pour vos excursionsEntamez votre voyage avec une tranquillit\u00e9 d&rsquo;esprit absolue en [&hellip;]<\/p>\n","protected":false},"author":6,"featured_media":0,"parent":0,"menu_order":0,"comment_status":"closed","ping_status":"closed","template":"","meta":{"_et_pb_use_builder":"on","_et_pb_old_content":"","_et_gb_content_width":"","footnotes":""},"class_list":["post-128","page","type-page","status-publish","hentry"],"yoast_head":"<!-- This site is optimized with the Yoast SEO plugin v27.4 - https:\/\/yoast.com\/product\/yoast-seo-wordpress\/ -->\n<title>Excursions - Ikon<\/title>\n<meta name=\"description\" content=\"Pour vos excursions sur la C\u00f4te d&#039;Azur, offrez-vous la tranquillit\u00e9 d&#039;esprit d&#039;une exp\u00e9rience haut de gamme.\" \/>\n<meta name=\"robots\" content=\"index, follow, max-snippet:-1, max-image-preview:large, max-video-preview:-1\" \/>\n<link rel=\"canonical\" href=\"https:\/\/ikon-services.fr\/en\/excursions\/\" \/>\n<meta property=\"og:locale\" content=\"en_GB\" \/>\n<meta property=\"og:type\" content=\"article\" \/>\n<meta property=\"og:title\" content=\"Excursions - Ikon\" \/>\n<meta property=\"og:description\" content=\"Pour vos excursions sur la C\u00f4te d&#039;Azur, offrez-vous la tranquillit\u00e9 d&#039;esprit d&#039;une exp\u00e9rience haut de gamme.\" \/>\n<meta property=\"og:url\" content=\"https:\/\/ikon-services.fr\/en\/excursions\/\" \/>\n<meta property=\"og:site_name\" content=\"Ikon\" \/>\n<meta property=\"article:publisher\" content=\"https:\/\/www.facebook.com\/IkonServices\/\" \/>\n<meta property=\"article:modified_time\" content=\"2024-03-14T16:08:26+00:00\" \/>\n<meta name=\"twitter:card\" content=\"summary_large_image\" \/>\n<meta name=\"twitter:label1\" content=\"Estimated reading time\" \/>\n\t<meta name=\"twitter:data1\" content=\"2 minutes\" \/>\n<script type=\"application\/ld+json\" class=\"yoast-schema-graph\">{\"@context\":\"https:\\\/\\\/schema.org\",\"@graph\":[{\"@type\":\"WebPage\",\"@id\":\"https:\\\/\\\/ikon-services.fr\\\/excursions\\\/\",\"url\":\"https:\\\/\\\/ikon-services.fr\\\/excursions\\\/\",\"name\":\"Excursions - Ikon\",\"isPartOf\":{\"@id\":\"https:\\\/\\\/ikon-services.fr\\\/#website\"},\"datePublished\":\"2023-03-16T23:04:39+00:00\",\"dateModified\":\"2024-03-14T16:08:26+00:00\",\"description\":\"Pour vos excursions sur la C\u00f4te d'Azur, offrez-vous la tranquillit\u00e9 d'esprit d'une exp\u00e9rience haut de gamme.\",\"breadcrumb\":{\"@id\":\"https:\\\/\\\/ikon-services.fr\\\/excursions\\\/#breadcrumb\"},\"inLanguage\":\"en-GB\",\"potentialAction\":[{\"@type\":\"ReadAction\",\"target\":[\"https:\\\/\\\/ikon-services.fr\\\/excursions\\\/\"]}]},{\"@type\":\"BreadcrumbList\",\"@id\":\"https:\\\/\\\/ikon-services.fr\\\/excursions\\\/#breadcrumb\",\"itemListElement\":[{\"@type\":\"ListItem\",\"position\":1,\"name\":\"Accueil\",\"item\":\"https:\\\/\\\/ikon-services.fr\\\/\"},{\"@type\":\"ListItem\",\"position\":2,\"name\":\"Excursions\"}]},{\"@type\":\"WebSite\",\"@id\":\"https:\\\/\\\/ikon-services.fr\\\/#website\",\"url\":\"https:\\\/\\\/ikon-services.fr\\\/\",\"name\":\"Ikon\",\"description\":\"Se rendre \u00e0 l&#039;essentiel\",\"publisher\":{\"@id\":\"https:\\\/\\\/ikon-services.fr\\\/#organization\"},\"potentialAction\":[{\"@type\":\"SearchAction\",\"target\":{\"@type\":\"EntryPoint\",\"urlTemplate\":\"https:\\\/\\\/ikon-services.fr\\\/?s={search_term_string}\"},\"query-input\":{\"@type\":\"PropertyValueSpecification\",\"valueRequired\":true,\"valueName\":\"search_term_string\"}}],\"inLanguage\":\"en-GB\"},{\"@type\":\"Organization\",\"@id\":\"https:\\\/\\\/ikon-services.fr\\\/#organization\",\"name\":\"Ikon\",\"url\":\"https:\\\/\\\/ikon-services.fr\\\/\",\"logo\":{\"@type\":\"ImageObject\",\"inLanguage\":\"en-GB\",\"@id\":\"https:\\\/\\\/ikon-services.fr\\\/#\\\/schema\\\/logo\\\/image\\\/\",\"url\":\"https:\\\/\\\/ikon-services.fr\\\/wp-content\\\/uploads\\\/2023\\\/10\\\/IKON-HD-1.png\",\"contentUrl\":\"https:\\\/\\\/ikon-services.fr\\\/wp-content\\\/uploads\\\/2023\\\/10\\\/IKON-HD-1.png\",\"width\":2048,\"height\":2048,\"caption\":\"Ikon\"},\"image\":{\"@id\":\"https:\\\/\\\/ikon-services.fr\\\/#\\\/schema\\\/logo\\\/image\\\/\"},\"sameAs\":[\"https:\\\/\\\/www.facebook.com\\\/IkonServices\\\/\"]}]}<\/script>\n<!-- \/ Yoast SEO plugin. -->","yoast_head_json":{"title":"Excursions - Ikon","description":"Pour vos excursions sur la C\u00f4te d'Azur, offrez-vous la tranquillit\u00e9 d'esprit d'une exp\u00e9rience haut de gamme.","robots":{"index":"index","follow":"follow","max-snippet":"max-snippet:-1","max-image-preview":"max-image-preview:large","max-video-preview":"max-video-preview:-1"},"canonical":"https:\/\/ikon-services.fr\/en\/excursions\/","og_locale":"en_GB","og_type":"article","og_title":"Excursions - Ikon","og_description":"Pour vos excursions sur la C\u00f4te d'Azur, offrez-vous la tranquillit\u00e9 d'esprit d'une exp\u00e9rience haut de gamme.","og_url":"https:\/\/ikon-services.fr\/en\/excursions\/","og_site_name":"Ikon","article_publisher":"https:\/\/www.facebook.com\/IkonServices\/","article_modified_time":"2024-03-14T16:08:26+00:00","twitter_card":"summary_large_image","twitter_misc":{"Estimated reading time":"2 minutes"},"schema":{"@context":"https:\/\/schema.org","@graph":[{"@type":"WebPage","@id":"https:\/\/ikon-services.fr\/excursions\/","url":"https:\/\/ikon-services.fr\/excursions\/","name":"Excursions - Ikon","isPartOf":{"@id":"https:\/\/ikon-services.fr\/#website"},"datePublished":"2023-03-16T23:04:39+00:00","dateModified":"2024-03-14T16:08:26+00:00","description":"Pour vos excursions sur la C\u00f4te d'Azur, offrez-vous la tranquillit\u00e9 d'esprit d'une exp\u00e9rience haut de gamme.","breadcrumb":{"@id":"https:\/\/ikon-services.fr\/excursions\/#breadcrumb"},"inLanguage":"en-GB","potentialAction":[{"@type":"ReadAction","target":["https:\/\/ikon-services.fr\/excursions\/"]}]},{"@type":"BreadcrumbList","@id":"https:\/\/ikon-services.fr\/excursions\/#breadcrumb","itemListElement":[{"@type":"ListItem","position":1,"name":"Accueil","item":"https:\/\/ikon-services.fr\/"},{"@type":"ListItem","position":2,"name":"Excursions"}]},{"@type":"WebSite","@id":"https:\/\/ikon-services.fr\/#website","url":"https:\/\/ikon-services.fr\/","name":"Ikon","description":"Se rendre \u00e0 l&#039;essentiel","publisher":{"@id":"https:\/\/ikon-services.fr\/#organization"},"potentialAction":[{"@type":"SearchAction","target":{"@type":"EntryPoint","urlTemplate":"https:\/\/ikon-services.fr\/?s={search_term_string}"},"query-input":{"@type":"PropertyValueSpecification","valueRequired":true,"valueName":"search_term_string"}}],"inLanguage":"en-GB"},{"@type":"Organization","@id":"https:\/\/ikon-services.fr\/#organization","name":"Ikon","url":"https:\/\/ikon-services.fr\/","logo":{"@type":"ImageObject","inLanguage":"en-GB","@id":"https:\/\/ikon-services.fr\/#\/schema\/logo\/image\/","url":"https:\/\/ikon-services.fr\/wp-content\/uploads\/2023\/10\/IKON-HD-1.png","contentUrl":"https:\/\/ikon-services.fr\/wp-content\/uploads\/2023\/10\/IKON-HD-1.png","width":2048,"height":2048,"caption":"Ikon"},"image":{"@id":"https:\/\/ikon-services.fr\/#\/schema\/logo\/image\/"},"sameAs":["https:\/\/www.facebook.com\/IkonServices\/"]}]}},"_links":{"self":[{"href":"https:\/\/ikon-services.fr\/en\/wp-json\/wp\/v2\/pages\/128","targetHints":{"allow":["GET"]}}],"collection":[{"href":"https:\/\/ikon-services.fr\/en\/wp-json\/wp\/v2\/pages"}],"about":[{"href":"https:\/\/ikon-services.fr\/en\/wp-json\/wp\/v2\/types\/page"}],"author":[{"embeddable":true,"href":"https:\/\/ikon-services.fr\/en\/wp-json\/wp\/v2\/users\/6"}],"replies":[{"embeddable":true,"href":"https:\/\/ikon-services.fr\/en\/wp-json\/wp\/v2\/comments?post=128"}],"version-history":[{"count":25,"href":"https:\/\/ikon-services.fr\/en\/wp-json\/wp\/v2\/pages\/128\/revisions"}],"predecessor-version":[{"id":643,"href":"https:\/\/ikon-services.fr\/en\/wp-json\/wp\/v2\/pages\/128\/revisions\/643"}],"wp:attachment":[{"href":"https:\/\/ikon-services.fr\/en\/wp-json\/wp\/v2\/media?parent=128"}],"curies":[{"name":"wp","href":"https:\/\/api.w.org\/{rel}","templated":true}]}}