{"id":140,"date":"2023-03-17T00:41:18","date_gmt":"2023-03-16T23:41:18","guid":{"rendered":"https:\/\/ikon-services.fr\/?page_id=140"},"modified":"2024-02-27T17:19:51","modified_gmt":"2024-02-27T16:19:51","slug":"carrieres-rejoignez-nos-equipes","status":"publish","type":"page","link":"https:\/\/ikon-services.fr\/en\/carrieres-rejoignez-nos-equipes\/","title":{"rendered":"Rejoignez nos \u00e9quipes"},"content":{"rendered":"\n[et_pb_section fb_built=\u00a0\u00bb1&Prime; _builder_version=\u00a0\u00bb4.20.0&Prime; _module_preset=\u00a0\u00bbdefault\u00a0\u00bb custom_padding=\u00a0\u00bb19px||14px|||\u00a0\u00bb locked=\u00a0\u00bboff\u00a0\u00bb global_colors_info=\u00a0\u00bb{}\u00a0\u00bb][et_pb_row _builder_version=\u00a0\u00bb4.16&Prime; locked=\u00a0\u00bboff\u00a0\u00bb global_colors_info=\u00a0\u00bb{}\u00a0\u00bb][et_pb_column type=\u00a0\u00bb4_4&Prime; _builder_version=\u00a0\u00bb4.16&Prime; custom_padding=\u00a0\u00bb|||\u00a0\u00bb global_colors_info=\u00a0\u00bb{}\u00a0\u00bb custom_padding__hover=\u00a0\u00bb|||\u00a0\u00bb][et_pb_text admin_label=\u00a0\u00bbVideo Title\u00a0\u00bb _builder_version=\u00a0\u00bb4.20.0&Prime; text_font=\u00a0\u00bb||||\u00a0\u00bb text_text_color=\u00a0\u00bb#1a1a1a\u00a0\u00bb header_font=\u00a0\u00bbMontserrat|700||on|||||\u00a0\u00bb header_text_align=\u00a0\u00bbcenter\u00a0\u00bb header_font_size=\u00a0\u00bb45px\u00a0\u00bb header_line_height=\u00a0\u00bb1.3em\u00a0\u00bb module_alignment=\u00a0\u00bbcenter\u00a0\u00bb custom_margin=\u00a0\u00bb|||\u00a0\u00bb custom_padding=\u00a0\u00bb|||\u00a0\u00bb animation_style=\u00a0\u00bbslide\u00a0\u00bb animation_direction=\u00a0\u00bbtop\u00a0\u00bb animation_intensity_slide=\u00a0\u00bb10%\u00a0\u00bb header_font_size_tablet=\u00a0\u00bb45px\u00a0\u00bb header_font_size_phone=\u00a0\u00bb35px\u00a0\u00bb header_font_size_last_edited=\u00a0\u00bbon|phone\u00a0\u00bb locked=\u00a0\u00bboff\u00a0\u00bb global_colors_info=\u00a0\u00bb{}\u00a0\u00bb]<h1>rejoignez nos \u00e9quipes<\/h1>[\/et_pb_text][et_pb_text _builder_version=\u00a0\u00bb4.24.0&Prime; _module_preset=\u00a0\u00bbdefault\u00a0\u00bb global_colors_info=\u00a0\u00bb{}\u00a0\u00bb]<h2 style=\"text-align: center;\">Rejoignez nos diff\u00e9rentes \u00e9quipes de chauffeurs, agents d&rsquo;accueil Meet &amp; Greet et service op\u00e9rationnel.<\/h2>[\/et_pb_text][et_pb_divider divider_position=\u00a0\u00bbcenter\u00a0\u00bb divider_weight=\u00a0\u00bb3px\u00a0\u00bb disabled_on=\u00a0\u00bboff|off|off\u00a0\u00bb _builder_version=\u00a0\u00bb4.20.0&Prime; max_width=\u00a0\u00bb150px\u00a0\u00bb module_alignment=\u00a0\u00bbcenter\u00a0\u00bb height=\u00a0\u00bbfalse\u00a0\u00bb custom_margin=\u00a0\u00bb30px|||\u00a0\u00bb animation_style=\u00a0\u00bbslide\u00a0\u00bb animation_direction=\u00a0\u00bbtop\u00a0\u00bb animation_delay=\u00a0\u00bb100ms\u00a0\u00bb animation_intensity_slide=\u00a0\u00bb10%\u00a0\u00bb locked=\u00a0\u00bboff\u00a0\u00bb global_colors_info=\u00a0\u00bb{}\u00a0\u00bb][\/et_pb_divider][\/et_pb_column][\/et_pb_row][\/et_pb_section][et_pb_section fb_built=\u00a0\u00bb1&Prime; _builder_version=\u00a0\u00bb4.20.0&Prime; _module_preset=\u00a0\u00bbdefault\u00a0\u00bb global_colors_info=\u00a0\u00bb{}\u00a0\u00bb][et_pb_row column_structure=\u00a0\u00bb1_2,1_2&Prime; make_equal=\u00a0\u00bbon\u00a0\u00bb _builder_version=\u00a0\u00bb4.20.0&Prime; _module_preset=\u00a0\u00bbdefault\u00a0\u00bb global_colors_info=\u00a0\u00bb{}\u00a0\u00bb][et_pb_column type=\u00a0\u00bb1_2&Prime; _builder_version=\u00a0\u00bb4.20.0&Prime; _module_preset=\u00a0\u00bbdefault\u00a0\u00bb global_colors_info=\u00a0\u00bb{}\u00a0\u00bb][et_pb_text _builder_version=\u00a0\u00bb4.20.0&Prime; _module_preset=\u00a0\u00bbdefault\u00a0\u00bb custom_margin=\u00a0\u00bb-59px|||||\u00a0\u00bb global_colors_info=\u00a0\u00bb{}\u00a0\u00bb]<p><strong>Vous recherchez des opportunit\u00e9s professionnelles ? IKON offre des postes enrichissants et des perspectives de carri\u00e8re passionnantes.<\/strong><\/p>\n<p><span style=\"text-decoration: underline;\"><strong>CHAUFFEURS<\/strong><\/span><\/p>\n<p>Vous ferez partie de l&rsquo;\u00e9lite de l&rsquo;H\u00f4tellerie de pointe. Nous recrutons des professionnels d\u00e9di\u00e9s et offrons une formation compl\u00e8te pour garantir la satisfaction de nos clients.<\/p>\n<p><span style=\"text-decoration: underline;\"><strong>AGENTS D\u2019ACCUEIL MEET &amp; GREET<\/strong><\/span><\/p>\n<p>Notre \u00e9quipe bas\u00e9e \u00e0 l&rsquo;A\u00e9roport de Nice cherche des personnes dynamiques et investies pour assurer l&rsquo;excellence de nos services. Votre sourire et votre engagement sont les cl\u00e9s pour cr\u00e9er des exp\u00e9riences exceptionnelles pour nos clients.<\/p>\n<p><span style=\"text-decoration: underline;\"><strong>\u00c9QUIPE OP\u00c9RATIONNELLE<\/strong><\/span><\/p>\n<p>IKON propose des perspectives de carri\u00e8re au sein de son \u00e9quipe op\u00e9rationnelle. Votre expertise contribuera \u00e0 maintenir nos normes \u00e9lev\u00e9es et \u00e0 assurer la fluidit\u00e9 de nos services.<\/p>\n<p>&nbsp;<\/p>\n<p><strong>Dans toutes nos activit\u00e9s, nous recherchons des personnes dynamiques, souriantes et motiv\u00e9es pour rejoindre notre \u00e9quipe. La ma\u00eetrise de l&rsquo;anglais est un pr\u00e9-requis indispensable et la connaissance d&rsquo;une autre langue est un atout suppl\u00e9mentaire.<span class=\"Apple-converted-space\">\u00a0<\/span><\/strong><\/p>\n<p><strong>Ensemble, continuons \u00e0 offrir un service d&rsquo;excellence \u00e0 nos clients.<\/strong><\/p>\n<p><strong>Si vous correspondez \u00e0 ce profil, n&rsquo;h\u00e9sitez pas \u00e0 transmettre votre CV et votre lettre de motivation en cliquant ci-dessous.<span class=\"Apple-converted-space\">\u00a0<\/span><\/strong><\/p>\n<p>&nbsp;<\/p>\n<p><em>Rejoignez-nous dans l&rsquo;aventure IKON et contribuez \u00e0 cr\u00e9er des exp\u00e9riences exceptionnelles pour nos clients !<\/em><\/p>[\/et_pb_text][et_pb_button button_url=\u00a0\u00bbmailto:reservation@ikon-services.fr\u00a0\u00bb button_text=\u00a0\u00bbRejoignez-nous\u00a0\u00bb button_alignment=\u00a0\u00bbleft\u00a0\u00bb _builder_version=\u00a0\u00bb4.24.0&Prime; _module_preset=\u00a0\u00bbdefault\u00a0\u00bb custom_button=\u00a0\u00bbon\u00a0\u00bb button_text_color=\u00a0\u00bb#FFFFFF\u00a0\u00bb button_bg_color=\u00a0\u00bb#000000&Prime; button_border_color=\u00a0\u00bb#000000&Prime; custom_margin=\u00a0\u00bb30px|||||\u00a0\u00bb custom_padding=\u00a0\u00bb4px|||||\u00a0\u00bb locked=\u00a0\u00bboff\u00a0\u00bb global_colors_info=\u00a0\u00bb{}\u00a0\u00bb][\/et_pb_button][\/et_pb_column][et_pb_column type=\u00a0\u00bb1_2&Prime; _builder_version=\u00a0\u00bb4.20.0&Prime; _module_preset=\u00a0\u00bbdefault\u00a0\u00bb global_colors_info=\u00a0\u00bb{}\u00a0\u00bb][et_pb_image src=\u00a0\u00bbhttps:\/\/ikon-services.fr\/wp-content\/uploads\/2023\/03\/\u00a9m.chatonnier-ikon-services-eden-roc-caussols-V3-67.png\u00a0\u00bb alt=\u00a0\u00bbrejoignez nos \u00e9quipes chauffeurs a\u00e9roport op\u00e9rations\u00a0\u00bb title_text=\u00a0\u00bbRecrutement chauffeurs\u00a0\u00bb url=\u00a0\u00bbhttps:\/\/ikon-services.fr\/hotellerie\/\u00a0\u00bb _builder_version=\u00a0\u00bb4.24.0&Prime; _module_preset=\u00a0\u00bbdefault\u00a0\u00bb custom_margin=\u00a0\u00bb24px|||||\u00a0\u00bb global_colors_info=\u00a0\u00bb{}\u00a0\u00bb][\/et_pb_image][\/et_pb_column][\/et_pb_row][\/et_pb_section]\n","protected":false},"excerpt":{"rendered":"<p>rejoignez nos \u00e9quipesRejoignez nos diff\u00e9rentes \u00e9quipes de chauffeurs, agents d&rsquo;accueil Meet &amp; Greet et service op\u00e9rationnel.Vous recherchez des opportunit\u00e9s professionnelles ? IKON offre des postes enrichissants et des perspectives de carri\u00e8re passionnantes. CHAUFFEURS Vous ferez partie de l&rsquo;\u00e9lite de l&rsquo;H\u00f4tellerie de pointe. Nous recrutons des professionnels d\u00e9di\u00e9s et offrons une formation compl\u00e8te pour garantir la [&hellip;]<\/p>\n","protected":false},"author":6,"featured_media":0,"parent":0,"menu_order":0,"comment_status":"closed","ping_status":"closed","template":"","meta":{"_et_pb_use_builder":"on","_et_pb_old_content":"","_et_gb_content_width":"1185","footnotes":""},"class_list":["post-140","page","type-page","status-publish","hentry"],"yoast_head":"<!-- This site is optimized with the Yoast SEO plugin v27.4 - https:\/\/yoast.com\/product\/yoast-seo-wordpress\/ -->\n<title>Rejoignez nos \u00e9quipes - Ikon<\/title>\n<meta name=\"description\" content=\"Rejoignez nos diff\u00e9rentes \u00e9quipes : chauffeurs, a\u00e9roport de nice, service op\u00e9rationnel. Participez au recrutement des nouveaux talents !\" \/>\n<meta name=\"robots\" content=\"index, follow, max-snippet:-1, max-image-preview:large, max-video-preview:-1\" \/>\n<link rel=\"canonical\" href=\"https:\/\/ikon-services.fr\/en\/carrieres-rejoignez-nos-equipes\/\" \/>\n<meta property=\"og:locale\" content=\"en_GB\" \/>\n<meta property=\"og:type\" content=\"article\" \/>\n<meta property=\"og:title\" content=\"Rejoignez nos \u00e9quipes - Ikon\" \/>\n<meta property=\"og:description\" content=\"Rejoignez nos diff\u00e9rentes \u00e9quipes : chauffeurs, a\u00e9roport de nice, service op\u00e9rationnel. Participez au recrutement des nouveaux talents !\" \/>\n<meta property=\"og:url\" content=\"https:\/\/ikon-services.fr\/en\/carrieres-rejoignez-nos-equipes\/\" \/>\n<meta property=\"og:site_name\" content=\"Ikon\" \/>\n<meta property=\"article:publisher\" content=\"https:\/\/www.facebook.com\/IkonServices\/\" \/>\n<meta property=\"article:modified_time\" content=\"2024-02-27T16:19:51+00:00\" \/>\n<meta name=\"twitter:card\" content=\"summary_large_image\" \/>\n<meta name=\"twitter:label1\" content=\"Estimated reading time\" \/>\n\t<meta name=\"twitter:data1\" content=\"2 minutes\" \/>\n<script type=\"application\/ld+json\" class=\"yoast-schema-graph\">{\"@context\":\"https:\\\/\\\/schema.org\",\"@graph\":[{\"@type\":\"WebPage\",\"@id\":\"https:\\\/\\\/ikon-services.fr\\\/carrieres-rejoignez-nos-equipes\\\/\",\"url\":\"https:\\\/\\\/ikon-services.fr\\\/carrieres-rejoignez-nos-equipes\\\/\",\"name\":\"Rejoignez nos \u00e9quipes - Ikon\",\"isPartOf\":{\"@id\":\"https:\\\/\\\/ikon-services.fr\\\/#website\"},\"datePublished\":\"2023-03-16T23:41:18+00:00\",\"dateModified\":\"2024-02-27T16:19:51+00:00\",\"description\":\"Rejoignez nos diff\u00e9rentes \u00e9quipes : chauffeurs, a\u00e9roport de nice, service op\u00e9rationnel. Participez au recrutement des nouveaux talents !\",\"breadcrumb\":{\"@id\":\"https:\\\/\\\/ikon-services.fr\\\/carrieres-rejoignez-nos-equipes\\\/#breadcrumb\"},\"inLanguage\":\"en-GB\",\"potentialAction\":[{\"@type\":\"ReadAction\",\"target\":[\"https:\\\/\\\/ikon-services.fr\\\/carrieres-rejoignez-nos-equipes\\\/\"]}]},{\"@type\":\"BreadcrumbList\",\"@id\":\"https:\\\/\\\/ikon-services.fr\\\/carrieres-rejoignez-nos-equipes\\\/#breadcrumb\",\"itemListElement\":[{\"@type\":\"ListItem\",\"position\":1,\"name\":\"Accueil\",\"item\":\"https:\\\/\\\/ikon-services.fr\\\/\"},{\"@type\":\"ListItem\",\"position\":2,\"name\":\"Rejoignez nos \u00e9quipes\"}]},{\"@type\":\"WebSite\",\"@id\":\"https:\\\/\\\/ikon-services.fr\\\/#website\",\"url\":\"https:\\\/\\\/ikon-services.fr\\\/\",\"name\":\"Ikon\",\"description\":\"Se rendre \u00e0 l&#039;essentiel\",\"publisher\":{\"@id\":\"https:\\\/\\\/ikon-services.fr\\\/#organization\"},\"potentialAction\":[{\"@type\":\"SearchAction\",\"target\":{\"@type\":\"EntryPoint\",\"urlTemplate\":\"https:\\\/\\\/ikon-services.fr\\\/?s={search_term_string}\"},\"query-input\":{\"@type\":\"PropertyValueSpecification\",\"valueRequired\":true,\"valueName\":\"search_term_string\"}}],\"inLanguage\":\"en-GB\"},{\"@type\":\"Organization\",\"@id\":\"https:\\\/\\\/ikon-services.fr\\\/#organization\",\"name\":\"Ikon\",\"url\":\"https:\\\/\\\/ikon-services.fr\\\/\",\"logo\":{\"@type\":\"ImageObject\",\"inLanguage\":\"en-GB\",\"@id\":\"https:\\\/\\\/ikon-services.fr\\\/#\\\/schema\\\/logo\\\/image\\\/\",\"url\":\"https:\\\/\\\/ikon-services.fr\\\/wp-content\\\/uploads\\\/2023\\\/10\\\/IKON-HD-1.png\",\"contentUrl\":\"https:\\\/\\\/ikon-services.fr\\\/wp-content\\\/uploads\\\/2023\\\/10\\\/IKON-HD-1.png\",\"width\":2048,\"height\":2048,\"caption\":\"Ikon\"},\"image\":{\"@id\":\"https:\\\/\\\/ikon-services.fr\\\/#\\\/schema\\\/logo\\\/image\\\/\"},\"sameAs\":[\"https:\\\/\\\/www.facebook.com\\\/IkonServices\\\/\"]}]}<\/script>\n<!-- \/ Yoast SEO plugin. -->","yoast_head_json":{"title":"Rejoignez nos \u00e9quipes - Ikon","description":"Rejoignez nos diff\u00e9rentes \u00e9quipes : chauffeurs, a\u00e9roport de nice, service op\u00e9rationnel. Participez au recrutement des nouveaux talents !","robots":{"index":"index","follow":"follow","max-snippet":"max-snippet:-1","max-image-preview":"max-image-preview:large","max-video-preview":"max-video-preview:-1"},"canonical":"https:\/\/ikon-services.fr\/en\/carrieres-rejoignez-nos-equipes\/","og_locale":"en_GB","og_type":"article","og_title":"Rejoignez nos \u00e9quipes - Ikon","og_description":"Rejoignez nos diff\u00e9rentes \u00e9quipes : chauffeurs, a\u00e9roport de nice, service op\u00e9rationnel. Participez au recrutement des nouveaux talents !","og_url":"https:\/\/ikon-services.fr\/en\/carrieres-rejoignez-nos-equipes\/","og_site_name":"Ikon","article_publisher":"https:\/\/www.facebook.com\/IkonServices\/","article_modified_time":"2024-02-27T16:19:51+00:00","twitter_card":"summary_large_image","twitter_misc":{"Estimated reading time":"2 minutes"},"schema":{"@context":"https:\/\/schema.org","@graph":[{"@type":"WebPage","@id":"https:\/\/ikon-services.fr\/carrieres-rejoignez-nos-equipes\/","url":"https:\/\/ikon-services.fr\/carrieres-rejoignez-nos-equipes\/","name":"Rejoignez nos \u00e9quipes - Ikon","isPartOf":{"@id":"https:\/\/ikon-services.fr\/#website"},"datePublished":"2023-03-16T23:41:18+00:00","dateModified":"2024-02-27T16:19:51+00:00","description":"Rejoignez nos diff\u00e9rentes \u00e9quipes : chauffeurs, a\u00e9roport de nice, service op\u00e9rationnel. Participez au recrutement des nouveaux talents !","breadcrumb":{"@id":"https:\/\/ikon-services.fr\/carrieres-rejoignez-nos-equipes\/#breadcrumb"},"inLanguage":"en-GB","potentialAction":[{"@type":"ReadAction","target":["https:\/\/ikon-services.fr\/carrieres-rejoignez-nos-equipes\/"]}]},{"@type":"BreadcrumbList","@id":"https:\/\/ikon-services.fr\/carrieres-rejoignez-nos-equipes\/#breadcrumb","itemListElement":[{"@type":"ListItem","position":1,"name":"Accueil","item":"https:\/\/ikon-services.fr\/"},{"@type":"ListItem","position":2,"name":"Rejoignez nos \u00e9quipes"}]},{"@type":"WebSite","@id":"https:\/\/ikon-services.fr\/#website","url":"https:\/\/ikon-services.fr\/","name":"Ikon","description":"Se rendre \u00e0 l&#039;essentiel","publisher":{"@id":"https:\/\/ikon-services.fr\/#organization"},"potentialAction":[{"@type":"SearchAction","target":{"@type":"EntryPoint","urlTemplate":"https:\/\/ikon-services.fr\/?s={search_term_string}"},"query-input":{"@type":"PropertyValueSpecification","valueRequired":true,"valueName":"search_term_string"}}],"inLanguage":"en-GB"},{"@type":"Organization","@id":"https:\/\/ikon-services.fr\/#organization","name":"Ikon","url":"https:\/\/ikon-services.fr\/","logo":{"@type":"ImageObject","inLanguage":"en-GB","@id":"https:\/\/ikon-services.fr\/#\/schema\/logo\/image\/","url":"https:\/\/ikon-services.fr\/wp-content\/uploads\/2023\/10\/IKON-HD-1.png","contentUrl":"https:\/\/ikon-services.fr\/wp-content\/uploads\/2023\/10\/IKON-HD-1.png","width":2048,"height":2048,"caption":"Ikon"},"image":{"@id":"https:\/\/ikon-services.fr\/#\/schema\/logo\/image\/"},"sameAs":["https:\/\/www.facebook.com\/IkonServices\/"]}]}},"_links":{"self":[{"href":"https:\/\/ikon-services.fr\/en\/wp-json\/wp\/v2\/pages\/140","targetHints":{"allow":["GET"]}}],"collection":[{"href":"https:\/\/ikon-services.fr\/en\/wp-json\/wp\/v2\/pages"}],"about":[{"href":"https:\/\/ikon-services.fr\/en\/wp-json\/wp\/v2\/types\/page"}],"author":[{"embeddable":true,"href":"https:\/\/ikon-services.fr\/en\/wp-json\/wp\/v2\/users\/6"}],"replies":[{"embeddable":true,"href":"https:\/\/ikon-services.fr\/en\/wp-json\/wp\/v2\/comments?post=140"}],"version-history":[{"count":21,"href":"https:\/\/ikon-services.fr\/en\/wp-json\/wp\/v2\/pages\/140\/revisions"}],"predecessor-version":[{"id":574,"href":"https:\/\/ikon-services.fr\/en\/wp-json\/wp\/v2\/pages\/140\/revisions\/574"}],"wp:attachment":[{"href":"https:\/\/ikon-services.fr\/en\/wp-json\/wp\/v2\/media?parent=140"}],"curies":[{"name":"wp","href":"https:\/\/api.w.org\/{rel}","templated":true}]}}