{"id":150,"date":"2023-03-17T00:53:34","date_gmt":"2023-03-16T23:53:34","guid":{"rendered":"https:\/\/ikon-services.fr\/?page_id=150"},"modified":"2024-03-14T17:08:51","modified_gmt":"2024-03-14T16:08:51","slug":"actualites-ikon-services","status":"publish","type":"page","link":"https:\/\/ikon-services.fr\/en\/actualites-ikon-services\/","title":{"rendered":"Actualit\u00e9s IKON Services"},"content":{"rendered":"\n[et_pb_section fb_built=\u00a0\u00bb1&Prime; _builder_version=\u00a0\u00bb4.20.0&Prime; _module_preset=\u00a0\u00bbdefault\u00a0\u00bb custom_padding=\u00a0\u00bb19px||14px|||\u00a0\u00bb locked=\u00a0\u00bboff\u00a0\u00bb global_colors_info=\u00a0\u00bb{}\u00a0\u00bb][et_pb_row _builder_version=\u00a0\u00bb4.16&Prime; locked=\u00a0\u00bboff\u00a0\u00bb global_colors_info=\u00a0\u00bb{}\u00a0\u00bb][et_pb_column type=\u00a0\u00bb4_4&Prime; _builder_version=\u00a0\u00bb4.16&Prime; custom_padding=\u00a0\u00bb|||\u00a0\u00bb global_colors_info=\u00a0\u00bb{}\u00a0\u00bb custom_padding__hover=\u00a0\u00bb|||\u00a0\u00bb][et_pb_text admin_label=\u00a0\u00bbVideo Title\u00a0\u00bb _builder_version=\u00a0\u00bb4.20.0&Prime; text_font=\u00a0\u00bb||||\u00a0\u00bb text_text_color=\u00a0\u00bb#1a1a1a\u00a0\u00bb header_font=\u00a0\u00bbMontserrat|700||on|||||\u00a0\u00bb header_text_align=\u00a0\u00bbcenter\u00a0\u00bb header_font_size=\u00a0\u00bb45px\u00a0\u00bb header_line_height=\u00a0\u00bb1.3em\u00a0\u00bb module_alignment=\u00a0\u00bbcenter\u00a0\u00bb custom_margin=\u00a0\u00bb|||\u00a0\u00bb custom_padding=\u00a0\u00bb|||\u00a0\u00bb animation_style=\u00a0\u00bbslide\u00a0\u00bb animation_direction=\u00a0\u00bbtop\u00a0\u00bb animation_intensity_slide=\u00a0\u00bb10%\u00a0\u00bb header_font_size_tablet=\u00a0\u00bb45px\u00a0\u00bb header_font_size_phone=\u00a0\u00bb35px\u00a0\u00bb header_font_size_last_edited=\u00a0\u00bbon|phone\u00a0\u00bb locked=\u00a0\u00bboff\u00a0\u00bb global_colors_info=\u00a0\u00bb{}\u00a0\u00bb]<h1>Actualit\u00e9s<\/h1>[\/et_pb_text][et_pb_text _builder_version=\u00a0\u00bb4.24.0&Prime; _module_preset=\u00a0\u00bbdefault\u00a0\u00bb global_colors_info=\u00a0\u00bb{}\u00a0\u00bb]<h2 style=\"text-align: center;\">Retrouvez ci-dessous toutes les actualit\u00e9s li\u00e9es \u00e0 nos partenaires, les \u00e9v\u00e8nements ainsi qu&rsquo;\u00e0 nos services limousine et Meet &amp; Greet.<\/h2>[\/et_pb_text][et_pb_divider divider_position=\u00a0\u00bbcenter\u00a0\u00bb divider_weight=\u00a0\u00bb3px\u00a0\u00bb disabled_on=\u00a0\u00bboff|off|off\u00a0\u00bb _builder_version=\u00a0\u00bb4.20.0&Prime; max_width=\u00a0\u00bb150px\u00a0\u00bb module_alignment=\u00a0\u00bbcenter\u00a0\u00bb height=\u00a0\u00bbfalse\u00a0\u00bb custom_margin=\u00a0\u00bb30px|||\u00a0\u00bb animation_style=\u00a0\u00bbslide\u00a0\u00bb animation_direction=\u00a0\u00bbtop\u00a0\u00bb animation_delay=\u00a0\u00bb100ms\u00a0\u00bb animation_intensity_slide=\u00a0\u00bb10%\u00a0\u00bb locked=\u00a0\u00bboff\u00a0\u00bb global_colors_info=\u00a0\u00bb{}\u00a0\u00bb][\/et_pb_divider][\/et_pb_column][\/et_pb_row][\/et_pb_section][et_pb_section fb_built=\u00a0\u00bb1&Prime; _builder_version=\u00a0\u00bb4.20.0&Prime; _module_preset=\u00a0\u00bbdefault\u00a0\u00bb global_colors_info=\u00a0\u00bb{}\u00a0\u00bb][et_pb_row _builder_version=\u00a0\u00bb4.20.0&Prime; _module_preset=\u00a0\u00bbdefault\u00a0\u00bb global_colors_info=\u00a0\u00bb{}\u00a0\u00bb][et_pb_column type=\u00a0\u00bb4_4&Prime; _builder_version=\u00a0\u00bb4.20.0&Prime; _module_preset=\u00a0\u00bbdefault\u00a0\u00bb global_colors_info=\u00a0\u00bb{}\u00a0\u00bb][et_pb_blog fullwidth=\u00a0\u00bboff\u00a0\u00bb use_manual_excerpt=\u00a0\u00bboff\u00a0\u00bb excerpt_length=\u00a0\u00bb170&Prime; show_more=\u00a0\u00bbon\u00a0\u00bb show_author=\u00a0\u00bboff\u00a0\u00bb show_categories=\u00a0\u00bboff\u00a0\u00bb _builder_version=\u00a0\u00bb4.20.0&Prime; _module_preset=\u00a0\u00bbdefault\u00a0\u00bb hover_enabled=\u00a0\u00bb0&Prime; global_colors_info=\u00a0\u00bb{}\u00a0\u00bb sticky_enabled=\u00a0\u00bb0&Prime;][\/et_pb_blog][\/et_pb_column][\/et_pb_row][\/et_pb_section]\n","protected":false},"excerpt":{"rendered":"<p>Actualit\u00e9sRetrouvez ci-dessous toutes les actualit\u00e9s li\u00e9es \u00e0 nos partenaires, les \u00e9v\u00e8nements ainsi qu&rsquo;\u00e0 nos services limousine et Meet &amp; Greet.<\/p>","protected":false},"author":6,"featured_media":0,"parent":0,"menu_order":0,"comment_status":"closed","ping_status":"closed","template":"","meta":{"_et_pb_use_builder":"on","_et_pb_old_content":"","_et_gb_content_width":"","footnotes":""},"class_list":["post-150","page","type-page","status-publish","hentry"],"yoast_head":"<!-- This site is optimized with the Yoast SEO plugin v27.3 - https:\/\/yoast.com\/product\/yoast-seo-wordpress\/ -->\n<title>Actualit\u00e9s IKON Services - Ikon<\/title>\n<meta name=\"description\" content=\"Retrouvez les derni\u00e8res actualit\u00e9s d&#039;IKON li\u00e9es aux services limousine et meet &amp; greet, ainsi que nos partenaires et \u00e9v\u00e8nements.\" \/>\n<meta name=\"robots\" content=\"index, follow, max-snippet:-1, max-image-preview:large, max-video-preview:-1\" \/>\n<link rel=\"canonical\" href=\"https:\/\/ikon-services.fr\/en\/actualites-ikon-services\/\" \/>\n<meta property=\"og:locale\" content=\"en_GB\" \/>\n<meta property=\"og:type\" content=\"article\" \/>\n<meta property=\"og:title\" content=\"Actualit\u00e9s IKON Services - Ikon\" \/>\n<meta property=\"og:description\" content=\"Retrouvez les derni\u00e8res actualit\u00e9s d&#039;IKON li\u00e9es aux services limousine et meet &amp; greet, ainsi que nos partenaires et \u00e9v\u00e8nements.\" \/>\n<meta property=\"og:url\" content=\"https:\/\/ikon-services.fr\/en\/actualites-ikon-services\/\" \/>\n<meta property=\"og:site_name\" content=\"Ikon\" \/>\n<meta property=\"article:publisher\" content=\"https:\/\/www.facebook.com\/IkonServices\/\" \/>\n<meta property=\"article:modified_time\" content=\"2024-03-14T16:08:51+00:00\" \/>\n<meta name=\"twitter:card\" content=\"summary_large_image\" \/>\n<meta name=\"twitter:label1\" content=\"Estimated reading time\" \/>\n\t<meta name=\"twitter:data1\" content=\"1 minute\" \/>\n<script type=\"application\/ld+json\" class=\"yoast-schema-graph\">{\"@context\":\"https:\\\/\\\/schema.org\",\"@graph\":[{\"@type\":\"WebPage\",\"@id\":\"https:\\\/\\\/ikon-services.fr\\\/actualites-ikon-services\\\/\",\"url\":\"https:\\\/\\\/ikon-services.fr\\\/actualites-ikon-services\\\/\",\"name\":\"Actualit\u00e9s IKON Services - Ikon\",\"isPartOf\":{\"@id\":\"https:\\\/\\\/ikon-services.fr\\\/#website\"},\"datePublished\":\"2023-03-16T23:53:34+00:00\",\"dateModified\":\"2024-03-14T16:08:51+00:00\",\"description\":\"Retrouvez les derni\u00e8res actualit\u00e9s d'IKON li\u00e9es aux services limousine et meet & greet, ainsi que nos partenaires et \u00e9v\u00e8nements.\",\"breadcrumb\":{\"@id\":\"https:\\\/\\\/ikon-services.fr\\\/actualites-ikon-services\\\/#breadcrumb\"},\"inLanguage\":\"en-GB\",\"potentialAction\":[{\"@type\":\"ReadAction\",\"target\":[\"https:\\\/\\\/ikon-services.fr\\\/actualites-ikon-services\\\/\"]}]},{\"@type\":\"BreadcrumbList\",\"@id\":\"https:\\\/\\\/ikon-services.fr\\\/actualites-ikon-services\\\/#breadcrumb\",\"itemListElement\":[{\"@type\":\"ListItem\",\"position\":1,\"name\":\"Accueil\",\"item\":\"https:\\\/\\\/ikon-services.fr\\\/\"},{\"@type\":\"ListItem\",\"position\":2,\"name\":\"Actualit\u00e9s IKON Services\"}]},{\"@type\":\"WebSite\",\"@id\":\"https:\\\/\\\/ikon-services.fr\\\/#website\",\"url\":\"https:\\\/\\\/ikon-services.fr\\\/\",\"name\":\"Ikon\",\"description\":\"Se rendre \u00e0 l&#039;essentiel\",\"publisher\":{\"@id\":\"https:\\\/\\\/ikon-services.fr\\\/#organization\"},\"potentialAction\":[{\"@type\":\"SearchAction\",\"target\":{\"@type\":\"EntryPoint\",\"urlTemplate\":\"https:\\\/\\\/ikon-services.fr\\\/?s={search_term_string}\"},\"query-input\":{\"@type\":\"PropertyValueSpecification\",\"valueRequired\":true,\"valueName\":\"search_term_string\"}}],\"inLanguage\":\"en-GB\"},{\"@type\":\"Organization\",\"@id\":\"https:\\\/\\\/ikon-services.fr\\\/#organization\",\"name\":\"Ikon\",\"url\":\"https:\\\/\\\/ikon-services.fr\\\/\",\"logo\":{\"@type\":\"ImageObject\",\"inLanguage\":\"en-GB\",\"@id\":\"https:\\\/\\\/ikon-services.fr\\\/#\\\/schema\\\/logo\\\/image\\\/\",\"url\":\"https:\\\/\\\/ikon-services.fr\\\/wp-content\\\/uploads\\\/2023\\\/10\\\/IKON-HD-1.png\",\"contentUrl\":\"https:\\\/\\\/ikon-services.fr\\\/wp-content\\\/uploads\\\/2023\\\/10\\\/IKON-HD-1.png\",\"width\":2048,\"height\":2048,\"caption\":\"Ikon\"},\"image\":{\"@id\":\"https:\\\/\\\/ikon-services.fr\\\/#\\\/schema\\\/logo\\\/image\\\/\"},\"sameAs\":[\"https:\\\/\\\/www.facebook.com\\\/IkonServices\\\/\"]}]}<\/script>\n<!-- \/ Yoast SEO plugin. -->","yoast_head_json":{"title":"Actualit\u00e9s IKON Services - Ikon","description":"Retrouvez les derni\u00e8res actualit\u00e9s d'IKON li\u00e9es aux services limousine et meet & greet, ainsi que nos partenaires et \u00e9v\u00e8nements.","robots":{"index":"index","follow":"follow","max-snippet":"max-snippet:-1","max-image-preview":"max-image-preview:large","max-video-preview":"max-video-preview:-1"},"canonical":"https:\/\/ikon-services.fr\/en\/actualites-ikon-services\/","og_locale":"en_GB","og_type":"article","og_title":"Actualit\u00e9s IKON Services - Ikon","og_description":"Retrouvez les derni\u00e8res actualit\u00e9s d'IKON li\u00e9es aux services limousine et meet & greet, ainsi que nos partenaires et \u00e9v\u00e8nements.","og_url":"https:\/\/ikon-services.fr\/en\/actualites-ikon-services\/","og_site_name":"Ikon","article_publisher":"https:\/\/www.facebook.com\/IkonServices\/","article_modified_time":"2024-03-14T16:08:51+00:00","twitter_card":"summary_large_image","twitter_misc":{"Estimated reading time":"1 minute"},"schema":{"@context":"https:\/\/schema.org","@graph":[{"@type":"WebPage","@id":"https:\/\/ikon-services.fr\/actualites-ikon-services\/","url":"https:\/\/ikon-services.fr\/actualites-ikon-services\/","name":"Actualit\u00e9s IKON Services - Ikon","isPartOf":{"@id":"https:\/\/ikon-services.fr\/#website"},"datePublished":"2023-03-16T23:53:34+00:00","dateModified":"2024-03-14T16:08:51+00:00","description":"Retrouvez les derni\u00e8res actualit\u00e9s d'IKON li\u00e9es aux services limousine et meet & greet, ainsi que nos partenaires et \u00e9v\u00e8nements.","breadcrumb":{"@id":"https:\/\/ikon-services.fr\/actualites-ikon-services\/#breadcrumb"},"inLanguage":"en-GB","potentialAction":[{"@type":"ReadAction","target":["https:\/\/ikon-services.fr\/actualites-ikon-services\/"]}]},{"@type":"BreadcrumbList","@id":"https:\/\/ikon-services.fr\/actualites-ikon-services\/#breadcrumb","itemListElement":[{"@type":"ListItem","position":1,"name":"Accueil","item":"https:\/\/ikon-services.fr\/"},{"@type":"ListItem","position":2,"name":"Actualit\u00e9s IKON Services"}]},{"@type":"WebSite","@id":"https:\/\/ikon-services.fr\/#website","url":"https:\/\/ikon-services.fr\/","name":"Ikon","description":"Se rendre \u00e0 l&#039;essentiel","publisher":{"@id":"https:\/\/ikon-services.fr\/#organization"},"potentialAction":[{"@type":"SearchAction","target":{"@type":"EntryPoint","urlTemplate":"https:\/\/ikon-services.fr\/?s={search_term_string}"},"query-input":{"@type":"PropertyValueSpecification","valueRequired":true,"valueName":"search_term_string"}}],"inLanguage":"en-GB"},{"@type":"Organization","@id":"https:\/\/ikon-services.fr\/#organization","name":"Ikon","url":"https:\/\/ikon-services.fr\/","logo":{"@type":"ImageObject","inLanguage":"en-GB","@id":"https:\/\/ikon-services.fr\/#\/schema\/logo\/image\/","url":"https:\/\/ikon-services.fr\/wp-content\/uploads\/2023\/10\/IKON-HD-1.png","contentUrl":"https:\/\/ikon-services.fr\/wp-content\/uploads\/2023\/10\/IKON-HD-1.png","width":2048,"height":2048,"caption":"Ikon"},"image":{"@id":"https:\/\/ikon-services.fr\/#\/schema\/logo\/image\/"},"sameAs":["https:\/\/www.facebook.com\/IkonServices\/"]}]}},"_links":{"self":[{"href":"https:\/\/ikon-services.fr\/en\/wp-json\/wp\/v2\/pages\/150","targetHints":{"allow":["GET"]}}],"collection":[{"href":"https:\/\/ikon-services.fr\/en\/wp-json\/wp\/v2\/pages"}],"about":[{"href":"https:\/\/ikon-services.fr\/en\/wp-json\/wp\/v2\/types\/page"}],"author":[{"embeddable":true,"href":"https:\/\/ikon-services.fr\/en\/wp-json\/wp\/v2\/users\/6"}],"replies":[{"embeddable":true,"href":"https:\/\/ikon-services.fr\/en\/wp-json\/wp\/v2\/comments?post=150"}],"version-history":[{"count":13,"href":"https:\/\/ikon-services.fr\/en\/wp-json\/wp\/v2\/pages\/150\/revisions"}],"predecessor-version":[{"id":719,"href":"https:\/\/ikon-services.fr\/en\/wp-json\/wp\/v2\/pages\/150\/revisions\/719"}],"wp:attachment":[{"href":"https:\/\/ikon-services.fr\/en\/wp-json\/wp\/v2\/media?parent=150"}],"curies":[{"name":"wp","href":"https:\/\/api.w.org\/{rel}","templated":true}]}}