{"id":746,"date":"2025-02-10T11:46:01","date_gmt":"2025-02-10T10:46:01","guid":{"rendered":"https:\/\/ikon-services.fr\/?page_id=746"},"modified":"2025-02-12T13:02:40","modified_gmt":"2025-02-12T12:02:40","slug":"fast-track-aeroport-de-nice","status":"publish","type":"page","link":"https:\/\/ikon-services.fr\/en\/fast-track-aeroport-de-nice\/","title":{"rendered":"FAST TRACK AEROPORT DE NICE"},"content":{"rendered":"<p>[et_pb_section fb_built=\u00a0\u00bb1&Prime; _builder_version=\u00a0\u00bb4.20.0&Prime; _module_preset=\u00a0\u00bbdefault\u00a0\u00bb custom_padding=\u00a0\u00bb19px||14px|||\u00a0\u00bb global_colors_info=\u00a0\u00bb{}\u00a0\u00bb][et_pb_row _builder_version=\u00a0\u00bb4.16&Prime; locked=\u00a0\u00bboff\u00a0\u00bb global_colors_info=\u00a0\u00bb{}\u00a0\u00bb][et_pb_column type=\u00a0\u00bb4_4&Prime; _builder_version=\u00a0\u00bb4.16&Prime; custom_padding=\u00a0\u00bb|||\u00a0\u00bb global_colors_info=\u00a0\u00bb{}\u00a0\u00bb custom_padding__hover=\u00a0\u00bb|||\u00a0\u00bb][et_pb_text admin_label=\u00a0\u00bbVideo Title\u00a0\u00bb _builder_version=\u00a0\u00bb4.24.0&Prime; text_font=\u00a0\u00bb||||\u00a0\u00bb text_text_color=\u00a0\u00bb#1a1a1a\u00a0\u00bb header_font=\u00a0\u00bbMontserrat|700||on|||||\u00a0\u00bb header_text_align=\u00a0\u00bbcenter\u00a0\u00bb header_font_size=\u00a0\u00bb45px\u00a0\u00bb header_line_height=\u00a0\u00bb1.3em\u00a0\u00bb module_alignment=\u00a0\u00bbcenter\u00a0\u00bb custom_margin=\u00a0\u00bb|||\u00a0\u00bb custom_padding=\u00a0\u00bb|||\u00a0\u00bb animation_style=\u00a0\u00bbslide\u00a0\u00bb animation_direction=\u00a0\u00bbtop\u00a0\u00bb animation_intensity_slide=\u00a0\u00bb10%\u00a0\u00bb locked=\u00a0\u00bboff\u00a0\u00bb global_colors_info=\u00a0\u00bb{}\u00a0\u00bb]<\/p>\n<h1>fast track \u00e0 l&rsquo;a\u00e9roport de nice<\/h1>\n<p>[\/et_pb_text][et_pb_text _builder_version=\u00a0\u00bb4.24.0&Prime; _module_preset=\u00a0\u00bbdefault\u00a0\u00bb global_colors_info=\u00a0\u00bb{}\u00a0\u00bb]<\/p>\n<h2 style=\"text-align: center;\">Laissez-vous guider et profitez du service fast track \u00e0 l&rsquo;a\u00e9roport de Nice C\u00f4te d&rsquo;Azur inclus dans notre service Meet &amp; Greet.<\/h2>\n<p>[\/et_pb_text][et_pb_divider divider_position=\u00a0\u00bbcenter\u00a0\u00bb divider_weight=\u00a0\u00bb3px\u00a0\u00bb disabled_on=\u00a0\u00bboff|off|off\u00a0\u00bb _builder_version=\u00a0\u00bb4.20.0&Prime; max_width=\u00a0\u00bb150px\u00a0\u00bb module_alignment=\u00a0\u00bbcenter\u00a0\u00bb height=\u00a0\u00bbfalse\u00a0\u00bb custom_margin=\u00a0\u00bb30px|||\u00a0\u00bb animation_style=\u00a0\u00bbslide\u00a0\u00bb animation_direction=\u00a0\u00bbtop\u00a0\u00bb animation_delay=\u00a0\u00bb100ms\u00a0\u00bb animation_intensity_slide=\u00a0\u00bb10%\u00a0\u00bb locked=\u00a0\u00bboff\u00a0\u00bb global_colors_info=\u00a0\u00bb{}\u00a0\u00bb][\/et_pb_divider][et_pb_button button_url=\u00a0\u00bbmailto:meetandgreet@ikon-services.fr\u00a0\u00bb button_text=\u00a0\u00bb@ET-DC@eyJkeW5hbWljIjp0cnVlLCJjb250ZW50IjoicG9zdF9tZXRhX2tleSIsInNldHRpbmdzIjp7ImJlZm9yZSI6IlJcdTAwZTlzZXJ2ZXIgdW4gTWVldCAmYW1wOyBHcmVldCIsImFmdGVyIjoiIiwibWV0YV9rZXkiOiIiLCJlbmFibGVfaHRtbCI6Im9mZiJ9fQ==@\u00a0\u00bb button_alignment=\u00a0\u00bbcenter\u00a0\u00bb _builder_version=\u00a0\u00bb4.24.0&Prime; _dynamic_attributes=\u00a0\u00bbbutton_text\u00a0\u00bb _module_preset=\u00a0\u00bbdefault\u00a0\u00bb custom_button=\u00a0\u00bbon\u00a0\u00bb button_text_color=\u00a0\u00bb#000000&Prime; background_layout=\u00a0\u00bbdark\u00a0\u00bb global_colors_info=\u00a0\u00bb{}\u00a0\u00bb][\/et_pb_button][\/et_pb_column][\/et_pb_row][\/et_pb_section][et_pb_section fb_built=\u00a0\u00bb1&Prime; admin_label=\u00a0\u00bbLook Inside Section\u00a0\u00bb _builder_version=\u00a0\u00bb4.20.0&Prime; background_image=\u00a0\u00bbhttps:\/\/ikon-services.fr\/wp-content\/uploads\/2023\/03\/01-IKON-AEROPORT-scaled.jpg\u00a0\u00bb parallax=\u00a0\u00bbon\u00a0\u00bb custom_margin=\u00a0\u00bb||||false|false\u00a0\u00bb custom_padding=\u00a0\u00bb59px||59px||true|false\u00a0\u00bb global_colors_info=\u00a0\u00bb{}\u00a0\u00bb][et_pb_row column_structure=\u00a0\u00bb3_5,2_5&Prime; use_custom_gutter=\u00a0\u00bbon\u00a0\u00bb gutter_width=\u00a0\u00bb1&Prime; make_equal=\u00a0\u00bbon\u00a0\u00bb module_class=\u00a0\u00bb et_pb_row_fullwidth\u00a0\u00bb _builder_version=\u00a0\u00bb4.20.0&Prime; width=\u00a0\u00bb100%\u00a0\u00bb width_tablet=\u00a0\u00bb100%\u00a0\u00bb width_phone=\u00a0\u00bb100%\u00a0\u00bb width_last_edited=\u00a0\u00bbon|desktop\u00a0\u00bb max_width=\u00a0\u00bb100%\u00a0\u00bb max_width_tablet=\u00a0\u00bb100%\u00a0\u00bb max_width_phone=\u00a0\u00bb100%\u00a0\u00bb max_width_last_edited=\u00a0\u00bbon|desktop\u00a0\u00bb custom_padding=\u00a0\u00bb0px||0px|||\u00a0\u00bb make_fullwidth=\u00a0\u00bbon\u00a0\u00bb global_colors_info=\u00a0\u00bb{}\u00a0\u00bb][et_pb_column type=\u00a0\u00bb3_5&Prime; _builder_version=\u00a0\u00bb4.16&Prime; parallax=\u00a0\u00bbon\u00a0\u00bb custom_padding=\u00a0\u00bb|||\u00a0\u00bb global_colors_info=\u00a0\u00bb{}\u00a0\u00bb custom_padding__hover=\u00a0\u00bb|||\u00a0\u00bb][et_pb_image align_tablet=\u00a0\u00bbcenter\u00a0\u00bb align_phone=\u00a0\u00bbcenter\u00a0\u00bb align_last_edited=\u00a0\u00bbon|desktop\u00a0\u00bb _builder_version=\u00a0\u00bb4.16&Prime; animation_style=\u00a0\u00bbslide\u00a0\u00bb animation_direction=\u00a0\u00bbleft\u00a0\u00bb animation_duration=\u00a0\u00bb500ms\u00a0\u00bb animation_intensity_slide=\u00a0\u00bb10%\u00a0\u00bb global_colors_info=\u00a0\u00bb{}\u00a0\u00bb][\/et_pb_image][\/et_pb_column][et_pb_column type=\u00a0\u00bb2_5&Prime; _builder_version=\u00a0\u00bb4.16&Prime; use_background_color_gradient=\u00a0\u00bbon\u00a0\u00bb background_color_gradient_stops=\u00a0\u00bb#ffffff 0%|rgba(255,255,255,0.85) 50%\u00a0\u00bb background_color_gradient_start=\u00a0\u00bb#ffffff\u00a0\u00bb background_color_gradient_end=\u00a0\u00bbrgba(255,255,255,0.85)\u00a0\u00bb background_color_gradient_end_position=\u00a0\u00bb50%\u00a0\u00bb custom_padding=\u00a0\u00bb8%|6%|6%|6%\u00a0\u00bb global_colors_info=\u00a0\u00bb{}\u00a0\u00bb custom_padding__hover=\u00a0\u00bb|||\u00a0\u00bb][et_pb_text admin_label=\u00a0\u00bbLook Inside Title\u00a0\u00bb _builder_version=\u00a0\u00bb4.24.0&Prime; text_font=\u00a0\u00bb||||\u00a0\u00bb text_text_color=\u00a0\u00bb#1a1a1a\u00a0\u00bb text_font_size=\u00a0\u00bb20px\u00a0\u00bb header_font=\u00a0\u00bbMontserrat|700|||||||\u00a0\u00bb header_text_align=\u00a0\u00bbleft\u00a0\u00bb header_font_size=\u00a0\u00bb53px\u00a0\u00bb header_line_height=\u00a0\u00bb1.3em\u00a0\u00bb max_width=\u00a0\u00bb450px\u00a0\u00bb custom_margin=\u00a0\u00bb|||\u00a0\u00bb custom_padding=\u00a0\u00bb||||false|false\u00a0\u00bb animation_style=\u00a0\u00bbslide\u00a0\u00bb animation_direction=\u00a0\u00bbtop\u00a0\u00bb animation_intensity_slide=\u00a0\u00bb10%\u00a0\u00bb locked=\u00a0\u00bboff\u00a0\u00bb global_colors_info=\u00a0\u00bb{}\u00a0\u00bb]<\/p>\n<h2><strong>D\u00c9TENTE &amp; S\u00c9R\u00c9NIT\u00c9<\/strong><\/h2>\n<p>[\/et_pb_text][et_pb_divider divider_position=\u00a0\u00bbcenter\u00a0\u00bb divider_weight=\u00a0\u00bb4px\u00a0\u00bb disabled_on=\u00a0\u00bboff|off|off\u00a0\u00bb _builder_version=\u00a0\u00bb4.20.0&Prime; max_width=\u00a0\u00bb67%\u00a0\u00bb height=\u00a0\u00bbfalse\u00a0\u00bb custom_margin=\u00a0\u00bb30px|||\u00a0\u00bb animation_style=\u00a0\u00bbslide\u00a0\u00bb animation_direction=\u00a0\u00bbtop\u00a0\u00bb animation_delay=\u00a0\u00bb100ms\u00a0\u00bb animation_intensity_slide=\u00a0\u00bb10%\u00a0\u00bb locked=\u00a0\u00bboff\u00a0\u00bb global_colors_info=\u00a0\u00bb{}\u00a0\u00bb][\/et_pb_divider][et_pb_text admin_label=\u00a0\u00bbLook Inside Sub Title\u00a0\u00bb _builder_version=\u00a0\u00bb4.24.0&Prime; text_font=\u00a0\u00bbMontserrat||||||||\u00a0\u00bb text_text_color=\u00a0\u00bb#1a1a1a\u00a0\u00bb text_font_size=\u00a0\u00bb23px\u00a0\u00bb text_line_height=\u00a0\u00bb1.4em\u00a0\u00bb max_width=\u00a0\u00bb450px\u00a0\u00bb custom_padding=\u00a0\u00bb30px|||\u00a0\u00bb animation_style=\u00a0\u00bbslide\u00a0\u00bb animation_direction=\u00a0\u00bbtop\u00a0\u00bb animation_delay=\u00a0\u00bb200ms\u00a0\u00bb animation_intensity_slide=\u00a0\u00bb10%\u00a0\u00bb locked=\u00a0\u00bboff\u00a0\u00bb global_colors_info=\u00a0\u00bb{}\u00a0\u00bb]<\/p>\n<div class=\"page\" title=\"Page 1\">\n<div class=\"section\">\n<div class=\"layoutArea\">\n<div class=\"column\">\n<p><span>Respirez, IKON et ses agents sont a\u0300 vos co\u0302te\u0301s pour vous accompagner a\u0300 votre arrive\u0301e et de\u0301part de l\u2019ae\u0301roport de Nice.<\/span><\/p>\n<p><span>Vivez votre voyage vers la co\u0302te d\u2019azur en toute se\u0301re\u0301nite\u0301 gra\u0302ce au fast track inclus dans notre service <strong>Meet &amp; Greet \u00e0 l&rsquo;a\u00e9roport de Nice. <\/strong><\/span><\/p>\n<p><span>Notre offre VIP exclusive prend soin de toutes vos formalite\u0301s ae\u0301roportuaires afin d\u2019optimiser votre temps et votre confort. <\/span><\/p>\n<\/div>\n<\/div>\n<\/div>\n<\/div>\n<p>[\/et_pb_text][\/et_pb_column][\/et_pb_row][\/et_pb_section][et_pb_section fb_built=\u00a0\u00bb1&Prime; _builder_version=\u00a0\u00bb4.24.0&Prime; _module_preset=\u00a0\u00bbdefault\u00a0\u00bb global_colors_info=\u00a0\u00bb{}\u00a0\u00bb][et_pb_row _builder_version=\u00a0\u00bb4.24.0&Prime; _module_preset=\u00a0\u00bbdefault\u00a0\u00bb global_colors_info=\u00a0\u00bb{}\u00a0\u00bb][et_pb_column type=\u00a0\u00bb4_4&Prime; _builder_version=\u00a0\u00bb4.24.0&Prime; _module_preset=\u00a0\u00bbdefault\u00a0\u00bb global_colors_info=\u00a0\u00bb{}\u00a0\u00bb][et_pb_text _builder_version=\u00a0\u00bb4.24.0&Prime; _module_preset=\u00a0\u00bbdefault\u00a0\u00bb global_colors_info=\u00a0\u00bb{}\u00a0\u00bb]<\/p>\n<h4><strong>De l&rsquo;arriv\u00e9e au d\u00e9part, notre \u00e9quipe exp\u00e9riment\u00e9e d&rsquo;agents est pr\u00e9sente pour assurer une exp\u00e9rience de voyage fluide et sans encombre \u00e0 l&rsquo;a\u00e9roport de Nice. Oubliez la foule. Oubliez le stress. Votre h\u00f4te d\u00e9di\u00e9 prendra en charge vos bagages, votre carte d&#8217;embarquement et les achats au duty free.<\/strong><\/h4>\n<p>[\/et_pb_text][et_pb_divider divider_weight=\u00a0\u00bb3px\u00a0\u00bb _builder_version=\u00a0\u00bb4.24.0&Prime; _module_preset=\u00a0\u00bbdefault\u00a0\u00bb max_width=\u00a0\u00bb150px\u00a0\u00bb global_colors_info=\u00a0\u00bb{}\u00a0\u00bb][\/et_pb_divider][\/et_pb_column][\/et_pb_row][et_pb_row column_structure=\u00a0\u00bb1_3,2_3&Prime; _builder_version=\u00a0\u00bb4.24.0&Prime; _module_preset=\u00a0\u00bbdefault\u00a0\u00bb global_colors_info=\u00a0\u00bb{}\u00a0\u00bb][et_pb_column type=\u00a0\u00bb1_3&Prime; _builder_version=\u00a0\u00bb4.24.0&Prime; _module_preset=\u00a0\u00bbdefault\u00a0\u00bb global_colors_info=\u00a0\u00bb{}\u00a0\u00bb][et_pb_text _builder_version=\u00a0\u00bb4.24.0&Prime; _dynamic_attributes=\u00a0\u00bblink_option_url\u00a0\u00bb _module_preset=\u00a0\u00bbdefault\u00a0\u00bb link_option_url=\u00a0\u00bb@ET-DC@eyJkeW5hbWljIjp0cnVlLCJjb250ZW50IjoicG9zdF9saW5rX3VybF9wYWdlIiwic2V0dGluZ3MiOnsicG9zdF9pZCI6IjE1NCJ9fQ==@\u00a0\u00bb global_colors_info=\u00a0\u00bb{}\u00a0\u00bb]<\/p>\n<p style=\"text-align: left;\"><strong>VOTRE ARRIV\u00c9E \u00c0 L&rsquo;A\u00c9ROPORT DE NICE<\/strong><\/p>\n<p>[\/et_pb_text][\/et_pb_column][et_pb_column type=\u00a0\u00bb2_3&Prime; _builder_version=\u00a0\u00bb4.24.0&Prime; _module_preset=\u00a0\u00bbdefault\u00a0\u00bb global_colors_info=\u00a0\u00bb{}\u00a0\u00bb][et_pb_text _builder_version=\u00a0\u00bb4.24.0&Prime; _module_preset=\u00a0\u00bbdefault\u00a0\u00bb global_colors_info=\u00a0\u00bb{}\u00a0\u00bb]<\/p>\n<p>\u00c0 votre arriv\u00e9e, un agent d\u00e9di\u00e9 vous accueillera chaleureusement \u00e0 la porte de l&rsquo;avion avec une pancarte personnalis\u00e9e, \u00e9vitant les files d&rsquo;attente et vous guidant \u00e0 travers les formalit\u00e9s de l&rsquo;a\u00e9roport, comme le contr\u00f4le des passeports, et la gestion des bagages par un transporteur d\u00e9di\u00e9, puis vous escortera directement vers votre chauffeur attitr\u00e9.<\/p>\n<p><strong>Le service arriv\u00e9e Meet &amp; Greet \u00e0 l&rsquo;a\u00e9roport de Nice comprend :<\/strong><\/p>\n<ul>\n<li><strong>Accueil \u00e0 la porte de l&rsquo;avion<\/strong><\/li>\n<li><strong>Fast track \u00e0 travers l&rsquo;immigration et les douanes<\/strong><\/li>\n<li><strong>Aide \u00e0 la r\u00e9cup\u00e9ration des bagages<\/strong><\/li>\n<li><strong>Service de porteur d\u00e9di\u00e9<\/strong><\/li>\n<li><strong>Accompagnement vers votre moyen de transport priv\u00e9<\/strong><\/li>\n<\/ul>\n<p>[\/et_pb_text][\/et_pb_column][\/et_pb_row][et_pb_row column_structure=\u00a0\u00bb1_3,2_3&Prime; _builder_version=\u00a0\u00bb4.24.0&Prime; _module_preset=\u00a0\u00bbdefault\u00a0\u00bb global_colors_info=\u00a0\u00bb{}\u00a0\u00bb][et_pb_column type=\u00a0\u00bb1_3&Prime; _builder_version=\u00a0\u00bb4.24.0&Prime; _module_preset=\u00a0\u00bbdefault\u00a0\u00bb global_colors_info=\u00a0\u00bb{}\u00a0\u00bb][et_pb_text _builder_version=\u00a0\u00bb4.24.0&Prime; _dynamic_attributes=\u00a0\u00bblink_option_url\u00a0\u00bb _module_preset=\u00a0\u00bbdefault\u00a0\u00bb link_option_url=\u00a0\u00bb@ET-DC@eyJkeW5hbWljIjp0cnVlLCJjb250ZW50IjoicG9zdF9saW5rX3VybF9wYWdlIiwic2V0dGluZ3MiOnsicG9zdF9pZCI6IjE1NCJ9fQ==@\u00a0\u00bb global_colors_info=\u00a0\u00bb{}\u00a0\u00bb]<\/p>\n<p style=\"text-align: center;\"><strong>VOTRE D\u00c9PART DE L&rsquo;A\u00c9ROPORT DE NICE<\/strong><\/p>\n<p>[\/et_pb_text][\/et_pb_column][et_pb_column type=\u00a0\u00bb2_3&Prime; _builder_version=\u00a0\u00bb4.24.0&Prime; _module_preset=\u00a0\u00bbdefault\u00a0\u00bb global_colors_info=\u00a0\u00bb{}\u00a0\u00bb][et_pb_text _builder_version=\u00a0\u00bb4.24.0&Prime; _module_preset=\u00a0\u00bbdefault\u00a0\u00bb global_colors_info=\u00a0\u00bb{}\u00a0\u00bb]<\/p>\n<p>Au d\u00e9part, un agent d\u00e9di\u00e9 vous attendra \u00e0 l&rsquo;entr\u00e9e du terminal de d\u00e9part avec un porteur pour vos bagages. Vous serez ensuite assist\u00e9(e) \u00e0 travers le contr\u00f4le de s\u00e9curit\u00e9, l&rsquo;enregistrement, les douanes et l&rsquo;immigration, avec des conseils pour d&rsquo;\u00e9ventuels achats, puis conduit(e) vers le salon VIP. Enfin, pour conclure le service, un passage prioritaire pour embarquer \u00e0 la porte de l&rsquo;avion.<\/p>\n<p><strong>Le service d\u00e9part Meet &amp; Greet \u00e0 l&rsquo;a\u00e9roport de Nice comprend :<\/strong><\/p>\n<ul>\n<li><strong>Accueil \u00e0 la sortie du v\u00e9hicule au terminal de d\u00e9part<\/strong><\/li>\n<li><strong>Service de porteur<\/strong><\/li>\n<li><strong>Fast track \u00e0 travers l&rsquo;enregistrement et la s\u00e9curit\u00e9<\/strong><\/li>\n<li><strong>Acc\u00e8s au salon VIP<\/strong><\/li>\n<li><strong>Accompagnement jusqu&rsquo;\u00e0 la porte de l&rsquo;avion<\/strong><\/li>\n<\/ul>\n<ul><\/ul>\n<p>[\/et_pb_text][\/et_pb_column][\/et_pb_row][et_pb_row _builder_version=\u00a0\u00bb4.24.0&Prime; _module_preset=\u00a0\u00bbdefault\u00a0\u00bb global_colors_info=\u00a0\u00bb{}\u00a0\u00bb][et_pb_column type=\u00a0\u00bb4_4&Prime; _builder_version=\u00a0\u00bb4.24.0&Prime; _module_preset=\u00a0\u00bbdefault\u00a0\u00bb global_colors_info=\u00a0\u00bb{}\u00a0\u00bb][et_pb_button button_url=\u00a0\u00bbmailto:meetandgreet@ikon-services.fr\u00a0\u00bb button_text=\u00a0\u00bb@ET-DC@eyJkeW5hbWljIjp0cnVlLCJjb250ZW50IjoicG9zdF9tZXRhX2tleSIsInNldHRpbmdzIjp7ImJlZm9yZSI6IlJcdTAwZTlzZXJ2ZXIgdW4gTWVldCAmYW1wOyBHcmVldCIsImFmdGVyIjoiIiwibWV0YV9rZXkiOiIiLCJlbmFibGVfaHRtbCI6Im9mZiJ9fQ==@\u00a0\u00bb button_alignment=\u00a0\u00bbcenter\u00a0\u00bb _builder_version=\u00a0\u00bb4.24.0&Prime; _dynamic_attributes=\u00a0\u00bbbutton_text\u00a0\u00bb _module_preset=\u00a0\u00bbdefault\u00a0\u00bb custom_button=\u00a0\u00bbon\u00a0\u00bb button_text_color=\u00a0\u00bb#000000&Prime; background_layout=\u00a0\u00bbdark\u00a0\u00bb custom_margin=\u00a0\u00bb||60px|||\u00a0\u00bb global_colors_info=\u00a0\u00bb{}\u00a0\u00bb][\/et_pb_button][et_pb_text _builder_version=\u00a0\u00bb4.24.0&Prime; _module_preset=\u00a0\u00bbdefault\u00a0\u00bb global_colors_info=\u00a0\u00bb{}\u00a0\u00bb]<\/p>\n<p style=\"text-align: left;\">Notre service VIP offre une exp\u00e9rience a\u00e9roportuaire sans faille \u00e0 l&rsquo;a\u00e9roport de Nice, que vous d\u00e9barquiez ou embarquiez aux terminaux 1 (T1) et 2 (T2), et que vous voyagiez sur un vol en France ou \u00e0 l&rsquo;international. Nous vous proposons un service de haute qualit\u00e9 et une exp\u00e9rience a\u00e9roportuaire harmonieuse, moins stressante, disponible en fran\u00e7ais, russe ou en anglais.\u00a0<\/p>\n<p>[\/et_pb_text][\/et_pb_column][\/et_pb_row][\/et_pb_section]<\/p>\n","protected":false},"excerpt":{"rendered":"<p>fast track \u00e0 l&rsquo;a\u00e9roport de niceLaissez-vous guider et profitez du service fast track \u00e0 l&rsquo;a\u00e9roport de Nice C\u00f4te d&rsquo;Azur inclus dans notre service Meet &amp; Greet.D\u00c9TENTE &amp; S\u00c9R\u00c9NIT\u00c9 Respirez, IKON et ses agents sont a\u0300 vos co\u0302te\u0301s pour vous accompagner a\u0300 votre arrive\u0301e et de\u0301part de l\u2019ae\u0301roport de Nice. Vivez votre voyage vers la co\u0302te [&hellip;]<\/p>\n","protected":false},"author":6,"featured_media":0,"parent":0,"menu_order":0,"comment_status":"closed","ping_status":"closed","template":"","meta":{"_et_pb_use_builder":"on","_et_pb_old_content":"","_et_gb_content_width":"","footnotes":""},"class_list":["post-746","page","type-page","status-publish","hentry"],"yoast_head":"<!-- This site is optimized with the Yoast SEO plugin v27.3 - https:\/\/yoast.com\/product\/yoast-seo-wordpress\/ -->\n<title>FAST TRACK AEROPORT DE NICE - Ikon<\/title>\n<meta name=\"description\" content=\"Laissez-vous guider et profitez du service fast track lors de votre voyage gr\u00e2ce \u00e0 notre service Meet &amp; Greet \u00e0 l&#039;a\u00e9roport de Nice.\" \/>\n<meta name=\"robots\" content=\"index, follow, max-snippet:-1, max-image-preview:large, max-video-preview:-1\" \/>\n<link rel=\"canonical\" href=\"https:\/\/ikon-services.fr\/en\/fast-track-aeroport-de-nice\/\" \/>\n<meta property=\"og:locale\" content=\"en_GB\" \/>\n<meta property=\"og:type\" content=\"article\" \/>\n<meta property=\"og:title\" content=\"FAST TRACK AEROPORT DE NICE - Ikon\" \/>\n<meta property=\"og:description\" content=\"Laissez-vous guider et profitez du service fast track lors de votre voyage gr\u00e2ce \u00e0 notre service Meet &amp; Greet \u00e0 l&#039;a\u00e9roport de Nice.\" \/>\n<meta property=\"og:url\" content=\"https:\/\/ikon-services.fr\/en\/fast-track-aeroport-de-nice\/\" \/>\n<meta property=\"og:site_name\" content=\"Ikon\" \/>\n<meta property=\"article:publisher\" content=\"https:\/\/www.facebook.com\/IkonServices\/\" \/>\n<meta property=\"article:modified_time\" content=\"2025-02-12T12:02:40+00:00\" \/>\n<meta name=\"twitter:card\" content=\"summary_large_image\" \/>\n<meta name=\"twitter:label1\" content=\"Estimated reading time\" \/>\n\t<meta name=\"twitter:data1\" content=\"3 minutes\" \/>\n<script type=\"application\/ld+json\" class=\"yoast-schema-graph\">{\"@context\":\"https:\\\/\\\/schema.org\",\"@graph\":[{\"@type\":\"WebPage\",\"@id\":\"https:\\\/\\\/ikon-services.fr\\\/fast-track-aeroport-de-nice\\\/\",\"url\":\"https:\\\/\\\/ikon-services.fr\\\/fast-track-aeroport-de-nice\\\/\",\"name\":\"FAST TRACK AEROPORT DE NICE - Ikon\",\"isPartOf\":{\"@id\":\"https:\\\/\\\/ikon-services.fr\\\/#website\"},\"datePublished\":\"2025-02-10T10:46:01+00:00\",\"dateModified\":\"2025-02-12T12:02:40+00:00\",\"description\":\"Laissez-vous guider et profitez du service fast track lors de votre voyage gr\u00e2ce \u00e0 notre service Meet & Greet \u00e0 l'a\u00e9roport de Nice.\",\"breadcrumb\":{\"@id\":\"https:\\\/\\\/ikon-services.fr\\\/fast-track-aeroport-de-nice\\\/#breadcrumb\"},\"inLanguage\":\"en-GB\",\"potentialAction\":[{\"@type\":\"ReadAction\",\"target\":[\"https:\\\/\\\/ikon-services.fr\\\/fast-track-aeroport-de-nice\\\/\"]}]},{\"@type\":\"BreadcrumbList\",\"@id\":\"https:\\\/\\\/ikon-services.fr\\\/fast-track-aeroport-de-nice\\\/#breadcrumb\",\"itemListElement\":[{\"@type\":\"ListItem\",\"position\":1,\"name\":\"Accueil\",\"item\":\"https:\\\/\\\/ikon-services.fr\\\/\"},{\"@type\":\"ListItem\",\"position\":2,\"name\":\"FAST TRACK AEROPORT DE NICE\"}]},{\"@type\":\"WebSite\",\"@id\":\"https:\\\/\\\/ikon-services.fr\\\/#website\",\"url\":\"https:\\\/\\\/ikon-services.fr\\\/\",\"name\":\"Ikon\",\"description\":\"Se rendre \u00e0 l&#039;essentiel\",\"publisher\":{\"@id\":\"https:\\\/\\\/ikon-services.fr\\\/#organization\"},\"potentialAction\":[{\"@type\":\"SearchAction\",\"target\":{\"@type\":\"EntryPoint\",\"urlTemplate\":\"https:\\\/\\\/ikon-services.fr\\\/?s={search_term_string}\"},\"query-input\":{\"@type\":\"PropertyValueSpecification\",\"valueRequired\":true,\"valueName\":\"search_term_string\"}}],\"inLanguage\":\"en-GB\"},{\"@type\":\"Organization\",\"@id\":\"https:\\\/\\\/ikon-services.fr\\\/#organization\",\"name\":\"Ikon\",\"url\":\"https:\\\/\\\/ikon-services.fr\\\/\",\"logo\":{\"@type\":\"ImageObject\",\"inLanguage\":\"en-GB\",\"@id\":\"https:\\\/\\\/ikon-services.fr\\\/#\\\/schema\\\/logo\\\/image\\\/\",\"url\":\"https:\\\/\\\/ikon-services.fr\\\/wp-content\\\/uploads\\\/2023\\\/10\\\/IKON-HD-1.png\",\"contentUrl\":\"https:\\\/\\\/ikon-services.fr\\\/wp-content\\\/uploads\\\/2023\\\/10\\\/IKON-HD-1.png\",\"width\":2048,\"height\":2048,\"caption\":\"Ikon\"},\"image\":{\"@id\":\"https:\\\/\\\/ikon-services.fr\\\/#\\\/schema\\\/logo\\\/image\\\/\"},\"sameAs\":[\"https:\\\/\\\/www.facebook.com\\\/IkonServices\\\/\"]}]}<\/script>\n<!-- \/ Yoast SEO plugin. -->","yoast_head_json":{"title":"FAST TRACK AEROPORT DE NICE - Ikon","description":"Laissez-vous guider et profitez du service fast track lors de votre voyage gr\u00e2ce \u00e0 notre service Meet & Greet \u00e0 l'a\u00e9roport de Nice.","robots":{"index":"index","follow":"follow","max-snippet":"max-snippet:-1","max-image-preview":"max-image-preview:large","max-video-preview":"max-video-preview:-1"},"canonical":"https:\/\/ikon-services.fr\/en\/fast-track-aeroport-de-nice\/","og_locale":"en_GB","og_type":"article","og_title":"FAST TRACK AEROPORT DE NICE - Ikon","og_description":"Laissez-vous guider et profitez du service fast track lors de votre voyage gr\u00e2ce \u00e0 notre service Meet & Greet \u00e0 l'a\u00e9roport de Nice.","og_url":"https:\/\/ikon-services.fr\/en\/fast-track-aeroport-de-nice\/","og_site_name":"Ikon","article_publisher":"https:\/\/www.facebook.com\/IkonServices\/","article_modified_time":"2025-02-12T12:02:40+00:00","twitter_card":"summary_large_image","twitter_misc":{"Estimated reading time":"3 minutes"},"schema":{"@context":"https:\/\/schema.org","@graph":[{"@type":"WebPage","@id":"https:\/\/ikon-services.fr\/fast-track-aeroport-de-nice\/","url":"https:\/\/ikon-services.fr\/fast-track-aeroport-de-nice\/","name":"FAST TRACK AEROPORT DE NICE - Ikon","isPartOf":{"@id":"https:\/\/ikon-services.fr\/#website"},"datePublished":"2025-02-10T10:46:01+00:00","dateModified":"2025-02-12T12:02:40+00:00","description":"Laissez-vous guider et profitez du service fast track lors de votre voyage gr\u00e2ce \u00e0 notre service Meet & Greet \u00e0 l'a\u00e9roport de Nice.","breadcrumb":{"@id":"https:\/\/ikon-services.fr\/fast-track-aeroport-de-nice\/#breadcrumb"},"inLanguage":"en-GB","potentialAction":[{"@type":"ReadAction","target":["https:\/\/ikon-services.fr\/fast-track-aeroport-de-nice\/"]}]},{"@type":"BreadcrumbList","@id":"https:\/\/ikon-services.fr\/fast-track-aeroport-de-nice\/#breadcrumb","itemListElement":[{"@type":"ListItem","position":1,"name":"Accueil","item":"https:\/\/ikon-services.fr\/"},{"@type":"ListItem","position":2,"name":"FAST TRACK AEROPORT DE NICE"}]},{"@type":"WebSite","@id":"https:\/\/ikon-services.fr\/#website","url":"https:\/\/ikon-services.fr\/","name":"Ikon","description":"Se rendre \u00e0 l&#039;essentiel","publisher":{"@id":"https:\/\/ikon-services.fr\/#organization"},"potentialAction":[{"@type":"SearchAction","target":{"@type":"EntryPoint","urlTemplate":"https:\/\/ikon-services.fr\/?s={search_term_string}"},"query-input":{"@type":"PropertyValueSpecification","valueRequired":true,"valueName":"search_term_string"}}],"inLanguage":"en-GB"},{"@type":"Organization","@id":"https:\/\/ikon-services.fr\/#organization","name":"Ikon","url":"https:\/\/ikon-services.fr\/","logo":{"@type":"ImageObject","inLanguage":"en-GB","@id":"https:\/\/ikon-services.fr\/#\/schema\/logo\/image\/","url":"https:\/\/ikon-services.fr\/wp-content\/uploads\/2023\/10\/IKON-HD-1.png","contentUrl":"https:\/\/ikon-services.fr\/wp-content\/uploads\/2023\/10\/IKON-HD-1.png","width":2048,"height":2048,"caption":"Ikon"},"image":{"@id":"https:\/\/ikon-services.fr\/#\/schema\/logo\/image\/"},"sameAs":["https:\/\/www.facebook.com\/IkonServices\/"]}]}},"_links":{"self":[{"href":"https:\/\/ikon-services.fr\/en\/wp-json\/wp\/v2\/pages\/746","targetHints":{"allow":["GET"]}}],"collection":[{"href":"https:\/\/ikon-services.fr\/en\/wp-json\/wp\/v2\/pages"}],"about":[{"href":"https:\/\/ikon-services.fr\/en\/wp-json\/wp\/v2\/types\/page"}],"author":[{"embeddable":true,"href":"https:\/\/ikon-services.fr\/en\/wp-json\/wp\/v2\/users\/6"}],"replies":[{"embeddable":true,"href":"https:\/\/ikon-services.fr\/en\/wp-json\/wp\/v2\/comments?post=746"}],"version-history":[{"count":8,"href":"https:\/\/ikon-services.fr\/en\/wp-json\/wp\/v2\/pages\/746\/revisions"}],"predecessor-version":[{"id":776,"href":"https:\/\/ikon-services.fr\/en\/wp-json\/wp\/v2\/pages\/746\/revisions\/776"}],"wp:attachment":[{"href":"https:\/\/ikon-services.fr\/en\/wp-json\/wp\/v2\/media?parent=746"}],"curies":[{"name":"wp","href":"https:\/\/api.w.org\/{rel}","templated":true}]}}