{"id":97,"date":"2023-03-16T23:18:46","date_gmt":"2023-03-16T22:18:46","guid":{"rendered":"https:\/\/ikon-services.fr\/?page_id=97"},"modified":"2024-03-14T17:09:14","modified_gmt":"2024-03-14T16:09:14","slug":"hotellerie","status":"publish","type":"page","link":"https:\/\/ikon-services.fr\/en\/hotellerie\/","title":{"rendered":"HOTELS"},"content":{"rendered":"\n[et_pb_section fb_built=\u00a0\u00bb1&Prime; _builder_version=\u00a0\u00bb4.20.0&Prime; _module_preset=\u00a0\u00bbdefault\u00a0\u00bb custom_padding=\u00a0\u00bb19px||14px|||\u00a0\u00bb locked=\u00a0\u00bboff\u00a0\u00bb global_colors_info=\u00a0\u00bb{}\u00a0\u00bb][et_pb_row _builder_version=\u00a0\u00bb4.16&Prime; locked=\u00a0\u00bboff\u00a0\u00bb global_colors_info=\u00a0\u00bb{}\u00a0\u00bb][et_pb_column type=\u00a0\u00bb4_4&Prime; _builder_version=\u00a0\u00bb4.16&Prime; custom_padding=\u00a0\u00bb|||\u00a0\u00bb global_colors_info=\u00a0\u00bb{}\u00a0\u00bb custom_padding__hover=\u00a0\u00bb|||\u00a0\u00bb][et_pb_text admin_label=\u00a0\u00bbVideo Title\u00a0\u00bb _builder_version=\u00a0\u00bb4.20.0&Prime; text_font=\u00a0\u00bb||||\u00a0\u00bb text_text_color=\u00a0\u00bb#1a1a1a\u00a0\u00bb header_font=\u00a0\u00bbMontserrat|700||on|||||\u00a0\u00bb header_text_align=\u00a0\u00bbcenter\u00a0\u00bb header_font_size=\u00a0\u00bb45px\u00a0\u00bb header_line_height=\u00a0\u00bb1.3em\u00a0\u00bb module_alignment=\u00a0\u00bbcenter\u00a0\u00bb custom_margin=\u00a0\u00bb|||\u00a0\u00bb custom_padding=\u00a0\u00bb|||\u00a0\u00bb animation_style=\u00a0\u00bbslide\u00a0\u00bb animation_direction=\u00a0\u00bbtop\u00a0\u00bb animation_intensity_slide=\u00a0\u00bb10%\u00a0\u00bb header_font_size_tablet=\u00a0\u00bb45px\u00a0\u00bb header_font_size_phone=\u00a0\u00bb35px\u00a0\u00bb header_font_size_last_edited=\u00a0\u00bbon|phone\u00a0\u00bb locked=\u00a0\u00bboff\u00a0\u00bb global_colors_info=\u00a0\u00bb{}\u00a0\u00bb]<h1>H\u00f4tellerie<\/h1>[\/et_pb_text][et_pb_text admin_label=\u00a0\u00bbVideo Title\u00a0\u00bb _builder_version=\u00a0\u00bb4.24.0&Prime; text_font=\u00a0\u00bb||||\u00a0\u00bb text_text_color=\u00a0\u00bb#1a1a1a\u00a0\u00bb header_font=\u00a0\u00bbMontserrat|700||on|||||\u00a0\u00bb header_text_align=\u00a0\u00bbcenter\u00a0\u00bb header_font_size=\u00a0\u00bb45px\u00a0\u00bb header_line_height=\u00a0\u00bb1.3em\u00a0\u00bb module_alignment=\u00a0\u00bbcenter\u00a0\u00bb custom_margin=\u00a0\u00bb|||\u00a0\u00bb custom_padding=\u00a0\u00bb|||\u00a0\u00bb animation_style=\u00a0\u00bbslide\u00a0\u00bb animation_direction=\u00a0\u00bbtop\u00a0\u00bb animation_intensity_slide=\u00a0\u00bb10%\u00a0\u00bb header_font_size_tablet=\u00a0\u00bb45px\u00a0\u00bb header_font_size_phone=\u00a0\u00bb35px\u00a0\u00bb header_font_size_last_edited=\u00a0\u00bbon|phone\u00a0\u00bb locked=\u00a0\u00bboff\u00a0\u00bb global_colors_info=\u00a0\u00bb{}\u00a0\u00bb]<h2 style=\"text-align: center;\">Un service sur-mesure con\u00e7u pour l&rsquo;h\u00f4tellerie de luxe<\/h2>[\/et_pb_text][et_pb_divider divider_position=\u00a0\u00bbcenter\u00a0\u00bb divider_weight=\u00a0\u00bb3px\u00a0\u00bb disabled_on=\u00a0\u00bboff|off|off\u00a0\u00bb _builder_version=\u00a0\u00bb4.20.0&Prime; max_width=\u00a0\u00bb150px\u00a0\u00bb module_alignment=\u00a0\u00bbcenter\u00a0\u00bb height=\u00a0\u00bbfalse\u00a0\u00bb custom_margin=\u00a0\u00bb30px|||\u00a0\u00bb animation_style=\u00a0\u00bbslide\u00a0\u00bb animation_direction=\u00a0\u00bbtop\u00a0\u00bb animation_delay=\u00a0\u00bb100ms\u00a0\u00bb animation_intensity_slide=\u00a0\u00bb10%\u00a0\u00bb locked=\u00a0\u00bboff\u00a0\u00bb global_colors_info=\u00a0\u00bb{}\u00a0\u00bb][\/et_pb_divider][\/et_pb_column][\/et_pb_row][\/et_pb_section][et_pb_section fb_built=\u00a0\u00bb1&Prime; _builder_version=\u00a0\u00bb4.20.0&Prime; _module_preset=\u00a0\u00bbdefault\u00a0\u00bb global_colors_info=\u00a0\u00bb{}\u00a0\u00bb][et_pb_row column_structure=\u00a0\u00bb1_2,1_2&Prime; make_equal=\u00a0\u00bbon\u00a0\u00bb _builder_version=\u00a0\u00bb4.20.0&Prime; _module_preset=\u00a0\u00bbdefault\u00a0\u00bb global_colors_info=\u00a0\u00bb{}\u00a0\u00bb][et_pb_column type=\u00a0\u00bb1_2&Prime; _builder_version=\u00a0\u00bb4.20.0&Prime; _module_preset=\u00a0\u00bbdefault\u00a0\u00bb global_colors_info=\u00a0\u00bb{}\u00a0\u00bb][et_pb_text _builder_version=\u00a0\u00bb4.24.0&Prime; _module_preset=\u00a0\u00bbdefault\u00a0\u00bb text_font=\u00a0\u00bbMontserrat||||||||\u00a0\u00bb text_font_size=\u00a0\u00bb16px\u00a0\u00bb custom_margin=\u00a0\u00bb1px|||||\u00a0\u00bb hover_enabled=\u00a0\u00bb0&Prime; global_colors_info=\u00a0\u00bb{}\u00a0\u00bb sticky_enabled=\u00a0\u00bb0&Prime;]<div class=\"page\" title=\"Page 2\">\n<div class=\"section\">\n<div class=\"layoutArea\">\n<div class=\"column\">\n<p><span><strong>Vivez une expe\u0301rience exceptionnelle gra\u0302ce a\u0300 notre service de transport, disponible dans les palaces Oetker Collection.<\/strong> <\/span><\/p>\n<p><span>Notre flotte, nos experts et nos chauffeurs sont a\u0300 votre disposition pour re\u0301pondre a\u0300 toutes vos demandes de transport, directement a\u0300 l&rsquo;inte\u0301rieur des ho\u0302tels prestigieux de l&rsquo;Ho\u0302tel du Cap a\u0300 Antibes, l&rsquo;Ho\u0302tel Woodward a\u0300 Gene\u0300ve, l&rsquo;Apoge\u0301e Courchevel ou encore le chateau Saint-Martin &amp; Spa \u00e0 Vence. <\/span><\/p>\n<p><span>Notre service a e\u0301te\u0301 spe\u0301cialement conc\u0327u pour s&rsquo;inte\u0301grer parfaitement a\u0300 l&rsquo;ho\u0302tellerie de luxe. <\/span><\/p>\n<p><span>Laissez-vous se\u0301duire par l&rsquo;excellence sans compromis de nos chauffeurs et de notre e\u0301quipe ! <\/span><\/p>\n<\/div>\n<\/div>\n<\/div>\n<\/div>\n<p>Notre service 5 \u00e9toiles est \u00e9tudi\u00e9 pour \u00eatre en osmose avec l\u2019H\u00f4tellerie prestigieuse propre \u00e0 ces palaces.<\/p>\n<p>Notre flotte, nos experts et nos chauffeurs sont disponibles \u00e0 tout moment pour satisfaire toutes vos demandes de transport, directement dans l\u2019enceinte m\u00eame des palaces.<\/p>[\/et_pb_text][\/et_pb_column][et_pb_column type=\u00a0\u00bb1_2&Prime; _builder_version=\u00a0\u00bb4.20.0&Prime; _module_preset=\u00a0\u00bbdefault\u00a0\u00bb global_colors_info=\u00a0\u00bb{}\u00a0\u00bb][et_pb_image src=\u00a0\u00bbhttps:\/\/ikon-services.fr\/wp-content\/uploads\/2023\/03\/Groupe-987.png\u00a0\u00bb alt=\u00a0\u00bbhotellerie de luxe oetker collection\u00a0\u00bb title_text=\u00a0\u00bbGroupe 987&Prime; url=\u00a0\u00bbhttps:\/\/ikon-services.fr\/lhotel-du-cap-une-base-dexception-pour-nos-services\/\u00a0\u00bb _builder_version=\u00a0\u00bb4.24.0&Prime; _module_preset=\u00a0\u00bbdefault\u00a0\u00bb global_colors_info=\u00a0\u00bb{}\u00a0\u00bb][\/et_pb_image][\/et_pb_column][\/et_pb_row][et_pb_row _builder_version=\u00a0\u00bb4.24.0&Prime; _module_preset=\u00a0\u00bbdefault\u00a0\u00bb custom_margin=\u00a0\u00bb-22px|auto||auto||\u00a0\u00bb][et_pb_column _builder_version=\u00a0\u00bb4.24.0&Prime; _module_preset=\u00a0\u00bbdefault\u00a0\u00bb type=\u00a0\u00bb4_4&Prime;][wdcl_logo_carousel is_variable_width=\u00a0\u00bbon\u00a0\u00bb slide_spacing=\u00a0\u00bb17px\u00a0\u00bb is_auto_height=\u00a0\u00bbon\u00a0\u00bb carousel_spacing_top=\u00a0\u00bb33px\u00a0\u00bb arrow_height=\u00a0\u00bb0px\u00a0\u00bb arrow_width=\u00a0\u00bb0px\u00a0\u00bb arrow_icon_size=\u00a0\u00bb0px\u00a0\u00bb _builder_version=\u00a0\u00bb4.24.0&Prime; _module_preset=\u00a0\u00bbdefault\u00a0\u00bb background_enable_color=\u00a0\u00bboff\u00a0\u00bb link_option_url=\u00a0\u00bbhttps:\/\/www.oetkercollection.com\u00a0\u00bb global_colors_info=\u00a0\u00bb{}\u00a0\u00bb][wdcl_logo_carousel_child logo=\u00a0\u00bbhttps:\/\/ikon-services.fr\/wp-content\/uploads\/2023\/03\/edenroc-1.png\u00a0\u00bb logo_alt=\u00a0\u00bbhotel du cap eden-roc\u00a0\u00bb is_link=\u00a0\u00bbon\u00a0\u00bb link_url=\u00a0\u00bbhttps:\/\/www.oetkercollection.com\/hotels\/hotel-du-cap-eden-roc\/\u00a0\u00bb link_options=\u00a0\u00bbon|off\u00a0\u00bb _builder_version=\u00a0\u00bb4.24.0&Prime; _module_preset=\u00a0\u00bbdefault\u00a0\u00bb global_colors_info=\u00a0\u00bb{}\u00a0\u00bb][\/wdcl_logo_carousel_child][wdcl_logo_carousel_child logo=\u00a0\u00bbhttps:\/\/ikon-services.fr\/wp-content\/uploads\/2023\/03\/lapogeecourchevel.png\u00a0\u00bb logo_alt=\u00a0\u00bbh\u00f4tellerie l&rsquo;apog\u00e9e courchevel\u00a0\u00bb is_link=\u00a0\u00bbon\u00a0\u00bb link_url=\u00a0\u00bbhttps:\/\/www.oetkercollection.com\/hotels\/lapogee-courchevel\/\u00a0\u00bb link_options=\u00a0\u00bbon|off\u00a0\u00bb _builder_version=\u00a0\u00bb4.24.0&Prime; _module_preset=\u00a0\u00bbdefault\u00a0\u00bb global_colors_info=\u00a0\u00bb{}\u00a0\u00bb][\/wdcl_logo_carousel_child][wdcl_logo_carousel_child logo=\u00a0\u00bbhttps:\/\/ikon-services.fr\/wp-content\/uploads\/2023\/03\/woodward-1.png\u00a0\u00bb logo_alt=\u00a0\u00bbthe Woodward Gen\u00e8ve \u00a0\u00bb is_link=\u00a0\u00bbon\u00a0\u00bb link_url=\u00a0\u00bbhttps:\/\/www.oetkercollection.com\/hotels\/the-woodward\/\u00a0\u00bb link_options=\u00a0\u00bbon|off\u00a0\u00bb _builder_version=\u00a0\u00bb4.24.0&Prime; _module_preset=\u00a0\u00bbdefault\u00a0\u00bb link_option_url=\u00a0\u00bbhttps:\/\/www.oetkercollection.com\u00a0\u00bb global_colors_info=\u00a0\u00bb{}\u00a0\u00bb][\/wdcl_logo_carousel_child][wdcl_logo_carousel_child logo=\u00a0\u00bbhttps:\/\/ikon-services.fr\/wp-content\/uploads\/2023\/03\/logosaintmartin.png\u00a0\u00bb logo_alt=\u00a0\u00bbchateau saint Martin &#038; spa\u00a0\u00bb is_link=\u00a0\u00bbon\u00a0\u00bb link_url=\u00a0\u00bbhttps:\/\/www.oetkercollection.com\/hotels\/chateau-saint-martin\/\u00a0\u00bb link_options=\u00a0\u00bbon|off\u00a0\u00bb _builder_version=\u00a0\u00bb4.24.0&Prime; _module_preset=\u00a0\u00bbdefault\u00a0\u00bb global_colors_info=\u00a0\u00bb{}\u00a0\u00bb][\/wdcl_logo_carousel_child][wdcl_logo_carousel_child logo=\u00a0\u00bbhttps:\/\/ikon-services.fr\/wp-content\/uploads\/2023\/03\/oeteker-1.png\u00a0\u00bb logo_alt=\u00a0\u00bbh\u00f4tellerie oetker collection\u00a0\u00bb is_link=\u00a0\u00bbon\u00a0\u00bb link_url=\u00a0\u00bbhttps:\/\/www.oetkercollection.com\u00a0\u00bb link_options=\u00a0\u00bbon|off\u00a0\u00bb _builder_version=\u00a0\u00bb4.24.0&Prime; _module_preset=\u00a0\u00bbdefault\u00a0\u00bb global_colors_info=\u00a0\u00bb{}\u00a0\u00bb][\/wdcl_logo_carousel_child][\/wdcl_logo_carousel][et_pb_text _builder_version=\u00a0\u00bb4.24.0&Prime; _module_preset=\u00a0\u00bbdefault\u00a0\u00bb hover_enabled=\u00a0\u00bb0&Prime; sticky_enabled=\u00a0\u00bb0&Prime;]<p><span style=\"font-size: medium;\">Nous mettons un point d&rsquo;honneur \u00e0 vous offrir une exp\u00e9rience sans compromis en termes d&rsquo;excellence. Nos chauffeurs sont soigneusement s\u00e9lectionn\u00e9s et form\u00e9s pour vous garantir un service irr\u00e9prochable. Leur professionnalisme et leur discr\u00e9tion vous permettront de vous d\u00e9tendre et de profiter pleinement de votre s\u00e9jour dans ces h\u00f4tels et palaces d&rsquo;exception.<\/span><\/p>\n<p><span style=\"font-size: medium;\">Notre service est con\u00e7u pour s&rsquo;harmoniser parfaitement avec l&rsquo;h\u00f4tellerie de luxe. Un transfert depuis l&rsquo;a\u00e9roport ? Une excursion en ville ? Une journ\u00e9e de shopping ? Notre \u00e9quipe est disponible \u00e0 tout moment pour r\u00e9pondre \u00e0 vos demandes, et ce, directement depuis l&rsquo;h\u00f4tel.<\/span><\/p>\n<p><span style=\"font-size: medium;\">Laissez-vous s\u00e9duire par le luxe et le raffinement de notre service. Vivez une exp\u00e9rience inoubliable, o\u00f9 chaque trajet devient un moment privil\u00e9gi\u00e9, gr\u00e2ce \u00e0 notre flotte et nos chauffeurs d\u00e9vou\u00e9s. <\/span><\/p>\n<p><span style=\"font-size: medium;\">Chez nous, chaque d\u00e9tail compte pour faire de votre s\u00e9jour une exp\u00e9rience v\u00e9ritablement exceptionnelle.<\/span><\/p>[\/et_pb_text][\/et_pb_column][\/et_pb_row][et_pb_row custom_padding_last_edited=\u00a0\u00bbon|phone\u00a0\u00bb _builder_version=\u00a0\u00bb4.20.0&Prime; _module_preset=\u00a0\u00bbdefault\u00a0\u00bb background_enable_color=\u00a0\u00bboff\u00a0\u00bb width_tablet=\u00a0\u00bb\u00a0\u00bb width_phone=\u00a0\u00bb\u00a0\u00bb width_last_edited=\u00a0\u00bbon|phone\u00a0\u00bb custom_margin_tablet=\u00a0\u00bb\u00a0\u00bb custom_margin_phone=\u00a0\u00bb||-100px||false|false\u00a0\u00bb custom_margin_last_edited=\u00a0\u00bbon|phone\u00a0\u00bb custom_padding=\u00a0\u00bb||0px||false|false\u00a0\u00bb custom_padding_tablet=\u00a0\u00bb||0px||false|false\u00a0\u00bb custom_padding_phone=\u00a0\u00bb||0px||false|false\u00a0\u00bb global_colors_info=\u00a0\u00bb{}\u00a0\u00bb][et_pb_column type=\u00a0\u00bb4_4&Prime; _builder_version=\u00a0\u00bb4.20.0&Prime; _module_preset=\u00a0\u00bbdefault\u00a0\u00bb global_colors_info=\u00a0\u00bb{}\u00a0\u00bb][\/et_pb_column][\/et_pb_row][\/et_pb_section]\n","protected":false},"excerpt":{"rendered":"<p>H\u00f4tellerieUn service sur-mesure con\u00e7u pour l&rsquo;h\u00f4tellerie de luxe Vivez une expe\u0301rience exceptionnelle gra\u0302ce a\u0300 notre service de transport, disponible dans les palaces Oetker Collection. Notre flotte, nos experts et nos chauffeurs sont a\u0300 votre disposition pour re\u0301pondre a\u0300 toutes vos demandes de transport, directement a\u0300 l&rsquo;inte\u0301rieur des ho\u0302tels prestigieux de l&rsquo;Ho\u0302tel du Cap a\u0300 Antibes, [&hellip;]<\/p>\n","protected":false},"author":6,"featured_media":0,"parent":0,"menu_order":0,"comment_status":"closed","ping_status":"closed","template":"","meta":{"_et_pb_use_builder":"on","_et_pb_old_content":"","_et_gb_content_width":"","footnotes":""},"class_list":["post-97","page","type-page","status-publish","hentry"],"yoast_head":"<!-- This site is optimized with the Yoast SEO plugin v27.4 - https:\/\/yoast.com\/product\/yoast-seo-wordpress\/ -->\n<title>H\u00d4TELLERIE - Ikon<\/title>\n<meta name=\"description\" content=\"Un service prestigieux sp\u00e9cialement con\u00e7u pour r\u00e9pondre aux exigences de l&#039;h\u00f4tellerie de luxe pour offrir une exp\u00e9rience exceptionnelle.\" \/>\n<meta name=\"robots\" content=\"index, follow, max-snippet:-1, max-image-preview:large, max-video-preview:-1\" \/>\n<link rel=\"canonical\" href=\"https:\/\/ikon-services.fr\/en\/hotellerie\/\" \/>\n<meta property=\"og:locale\" content=\"en_GB\" \/>\n<meta property=\"og:type\" content=\"article\" \/>\n<meta property=\"og:title\" content=\"H\u00d4TELLERIE - Ikon\" \/>\n<meta property=\"og:description\" content=\"Un service prestigieux sp\u00e9cialement con\u00e7u pour r\u00e9pondre aux exigences de l&#039;h\u00f4tellerie de luxe pour offrir une exp\u00e9rience exceptionnelle.\" \/>\n<meta property=\"og:url\" content=\"https:\/\/ikon-services.fr\/en\/hotellerie\/\" \/>\n<meta property=\"og:site_name\" content=\"Ikon\" \/>\n<meta property=\"article:publisher\" content=\"https:\/\/www.facebook.com\/IkonServices\/\" \/>\n<meta property=\"article:modified_time\" content=\"2024-03-14T16:09:14+00:00\" \/>\n<meta name=\"twitter:card\" content=\"summary_large_image\" \/>\n<meta name=\"twitter:label1\" content=\"Estimated reading time\" \/>\n\t<meta name=\"twitter:data1\" content=\"3 minutes\" \/>\n<script type=\"application\/ld+json\" class=\"yoast-schema-graph\">{\"@context\":\"https:\\\/\\\/schema.org\",\"@graph\":[{\"@type\":\"WebPage\",\"@id\":\"https:\\\/\\\/ikon-services.fr\\\/hotellerie\\\/\",\"url\":\"https:\\\/\\\/ikon-services.fr\\\/hotellerie\\\/\",\"name\":\"H\u00d4TELLERIE - Ikon\",\"isPartOf\":{\"@id\":\"https:\\\/\\\/ikon-services.fr\\\/#website\"},\"datePublished\":\"2023-03-16T22:18:46+00:00\",\"dateModified\":\"2024-03-14T16:09:14+00:00\",\"description\":\"Un service prestigieux sp\u00e9cialement con\u00e7u pour r\u00e9pondre aux exigences de l'h\u00f4tellerie de luxe pour offrir une exp\u00e9rience exceptionnelle.\",\"breadcrumb\":{\"@id\":\"https:\\\/\\\/ikon-services.fr\\\/hotellerie\\\/#breadcrumb\"},\"inLanguage\":\"en-GB\",\"potentialAction\":[{\"@type\":\"ReadAction\",\"target\":[\"https:\\\/\\\/ikon-services.fr\\\/hotellerie\\\/\"]}]},{\"@type\":\"BreadcrumbList\",\"@id\":\"https:\\\/\\\/ikon-services.fr\\\/hotellerie\\\/#breadcrumb\",\"itemListElement\":[{\"@type\":\"ListItem\",\"position\":1,\"name\":\"Accueil\",\"item\":\"https:\\\/\\\/ikon-services.fr\\\/\"},{\"@type\":\"ListItem\",\"position\":2,\"name\":\"H\u00d4TELLERIE\"}]},{\"@type\":\"WebSite\",\"@id\":\"https:\\\/\\\/ikon-services.fr\\\/#website\",\"url\":\"https:\\\/\\\/ikon-services.fr\\\/\",\"name\":\"Ikon\",\"description\":\"Se rendre \u00e0 l&#039;essentiel\",\"publisher\":{\"@id\":\"https:\\\/\\\/ikon-services.fr\\\/#organization\"},\"potentialAction\":[{\"@type\":\"SearchAction\",\"target\":{\"@type\":\"EntryPoint\",\"urlTemplate\":\"https:\\\/\\\/ikon-services.fr\\\/?s={search_term_string}\"},\"query-input\":{\"@type\":\"PropertyValueSpecification\",\"valueRequired\":true,\"valueName\":\"search_term_string\"}}],\"inLanguage\":\"en-GB\"},{\"@type\":\"Organization\",\"@id\":\"https:\\\/\\\/ikon-services.fr\\\/#organization\",\"name\":\"Ikon\",\"url\":\"https:\\\/\\\/ikon-services.fr\\\/\",\"logo\":{\"@type\":\"ImageObject\",\"inLanguage\":\"en-GB\",\"@id\":\"https:\\\/\\\/ikon-services.fr\\\/#\\\/schema\\\/logo\\\/image\\\/\",\"url\":\"https:\\\/\\\/ikon-services.fr\\\/wp-content\\\/uploads\\\/2023\\\/10\\\/IKON-HD-1.png\",\"contentUrl\":\"https:\\\/\\\/ikon-services.fr\\\/wp-content\\\/uploads\\\/2023\\\/10\\\/IKON-HD-1.png\",\"width\":2048,\"height\":2048,\"caption\":\"Ikon\"},\"image\":{\"@id\":\"https:\\\/\\\/ikon-services.fr\\\/#\\\/schema\\\/logo\\\/image\\\/\"},\"sameAs\":[\"https:\\\/\\\/www.facebook.com\\\/IkonServices\\\/\"]}]}<\/script>\n<!-- \/ Yoast SEO plugin. -->","yoast_head_json":{"title":"H\u00d4TELLERIE - Ikon","description":"Un service prestigieux sp\u00e9cialement con\u00e7u pour r\u00e9pondre aux exigences de l'h\u00f4tellerie de luxe pour offrir une exp\u00e9rience exceptionnelle.","robots":{"index":"index","follow":"follow","max-snippet":"max-snippet:-1","max-image-preview":"max-image-preview:large","max-video-preview":"max-video-preview:-1"},"canonical":"https:\/\/ikon-services.fr\/en\/hotellerie\/","og_locale":"en_GB","og_type":"article","og_title":"H\u00d4TELLERIE - Ikon","og_description":"Un service prestigieux sp\u00e9cialement con\u00e7u pour r\u00e9pondre aux exigences de l'h\u00f4tellerie de luxe pour offrir une exp\u00e9rience exceptionnelle.","og_url":"https:\/\/ikon-services.fr\/en\/hotellerie\/","og_site_name":"Ikon","article_publisher":"https:\/\/www.facebook.com\/IkonServices\/","article_modified_time":"2024-03-14T16:09:14+00:00","twitter_card":"summary_large_image","twitter_misc":{"Estimated reading time":"3 minutes"},"schema":{"@context":"https:\/\/schema.org","@graph":[{"@type":"WebPage","@id":"https:\/\/ikon-services.fr\/hotellerie\/","url":"https:\/\/ikon-services.fr\/hotellerie\/","name":"H\u00d4TELLERIE - Ikon","isPartOf":{"@id":"https:\/\/ikon-services.fr\/#website"},"datePublished":"2023-03-16T22:18:46+00:00","dateModified":"2024-03-14T16:09:14+00:00","description":"Un service prestigieux sp\u00e9cialement con\u00e7u pour r\u00e9pondre aux exigences de l'h\u00f4tellerie de luxe pour offrir une exp\u00e9rience exceptionnelle.","breadcrumb":{"@id":"https:\/\/ikon-services.fr\/hotellerie\/#breadcrumb"},"inLanguage":"en-GB","potentialAction":[{"@type":"ReadAction","target":["https:\/\/ikon-services.fr\/hotellerie\/"]}]},{"@type":"BreadcrumbList","@id":"https:\/\/ikon-services.fr\/hotellerie\/#breadcrumb","itemListElement":[{"@type":"ListItem","position":1,"name":"Accueil","item":"https:\/\/ikon-services.fr\/"},{"@type":"ListItem","position":2,"name":"H\u00d4TELLERIE"}]},{"@type":"WebSite","@id":"https:\/\/ikon-services.fr\/#website","url":"https:\/\/ikon-services.fr\/","name":"Ikon","description":"Se rendre \u00e0 l&#039;essentiel","publisher":{"@id":"https:\/\/ikon-services.fr\/#organization"},"potentialAction":[{"@type":"SearchAction","target":{"@type":"EntryPoint","urlTemplate":"https:\/\/ikon-services.fr\/?s={search_term_string}"},"query-input":{"@type":"PropertyValueSpecification","valueRequired":true,"valueName":"search_term_string"}}],"inLanguage":"en-GB"},{"@type":"Organization","@id":"https:\/\/ikon-services.fr\/#organization","name":"Ikon","url":"https:\/\/ikon-services.fr\/","logo":{"@type":"ImageObject","inLanguage":"en-GB","@id":"https:\/\/ikon-services.fr\/#\/schema\/logo\/image\/","url":"https:\/\/ikon-services.fr\/wp-content\/uploads\/2023\/10\/IKON-HD-1.png","contentUrl":"https:\/\/ikon-services.fr\/wp-content\/uploads\/2023\/10\/IKON-HD-1.png","width":2048,"height":2048,"caption":"Ikon"},"image":{"@id":"https:\/\/ikon-services.fr\/#\/schema\/logo\/image\/"},"sameAs":["https:\/\/www.facebook.com\/IkonServices\/"]}]}},"_links":{"self":[{"href":"https:\/\/ikon-services.fr\/en\/wp-json\/wp\/v2\/pages\/97","targetHints":{"allow":["GET"]}}],"collection":[{"href":"https:\/\/ikon-services.fr\/en\/wp-json\/wp\/v2\/pages"}],"about":[{"href":"https:\/\/ikon-services.fr\/en\/wp-json\/wp\/v2\/types\/page"}],"author":[{"embeddable":true,"href":"https:\/\/ikon-services.fr\/en\/wp-json\/wp\/v2\/users\/6"}],"replies":[{"embeddable":true,"href":"https:\/\/ikon-services.fr\/en\/wp-json\/wp\/v2\/comments?post=97"}],"version-history":[{"count":20,"href":"https:\/\/ikon-services.fr\/en\/wp-json\/wp\/v2\/pages\/97\/revisions"}],"predecessor-version":[{"id":720,"href":"https:\/\/ikon-services.fr\/en\/wp-json\/wp\/v2\/pages\/97\/revisions\/720"}],"wp:attachment":[{"href":"https:\/\/ikon-services.fr\/en\/wp-json\/wp\/v2\/media?parent=97"}],"curies":[{"name":"wp","href":"https:\/\/api.w.org\/{rel}","templated":true}]}}